{"id":21627,"date":"2024-02-14T15:27:42","date_gmt":"2024-02-14T23:27:42","guid":{"rendered":"https:\/\/vistacriminallaw.com\/?page_id=21627"},"modified":"2026-03-30T20:53:49","modified_gmt":"2026-03-31T03:53:49","slug":"atropello-y-fuga","status":"publish","type":"page","link":"https:\/\/vistacriminallaw.com\/es\/atropello-y-fuga\/","title":{"rendered":"ABOGADO DE ATROPELLO Y FUGA EN VISTA Y SAN DIEGO"},"content":{"rendered":"\n<figure class=\"wp-block-image size-full\"><img loading=\"lazy\" decoding=\"async\" width=\"2280\" height=\"380\" sizes=\"auto, (max-width: 2280px) 100vw, 2280px\" src=\"https:\/\/vistacriminallaw.com\/wp-content\/uploads\/2022\/06\/shorter_0002_VistaLaw_traffic-1@2x-2.jpg\" alt=\"Imagen de ilustraci\u00f3n de conducci\u00f3n de atropello y fuga\n\" class=\"wp-image-14797\" title=\"\" srcset=\"https:\/\/vistacriminallaw.com\/wp-content\/uploads\/2022\/06\/shorter_0002_VistaLaw_traffic-1@2x-2.jpg 2280w, https:\/\/vistacriminallaw.com\/wp-content\/uploads\/2022\/06\/shorter_0002_VistaLaw_traffic-1@2x-2-300x50.jpg 300w, https:\/\/vistacriminallaw.com\/wp-content\/uploads\/2022\/06\/shorter_0002_VistaLaw_traffic-1@2x-2-600x100.jpg 600w, https:\/\/vistacriminallaw.com\/wp-content\/uploads\/2022\/06\/shorter_0002_VistaLaw_traffic-1@2x-2-768x128.jpg 768w, https:\/\/vistacriminallaw.com\/wp-content\/uploads\/2022\/06\/shorter_0002_VistaLaw_traffic-1@2x-2-1536x256.jpg 1536w, https:\/\/vistacriminallaw.com\/wp-content\/uploads\/2022\/06\/shorter_0002_VistaLaw_traffic-1@2x-2-2048x341.jpg 2048w, https:\/\/vistacriminallaw.com\/wp-content\/uploads\/2022\/06\/shorter_0002_VistaLaw_traffic-1@2x-2-1200x200.jpg 1200w\" \/><\/figure>\n\n\n\n<h1 class=\"wp-block-heading\" id=\"h-abogado-de-atropello-y-fuga-en-vista-y-san-diego\"><strong>ABOGADO DE ATROPELLO Y FUGA EN VISTA Y SAN DIEGO<\/strong><\/h1>\n\n\n\n<div class=\"wp-block-columns is-layout-flex wp-container-core-columns-is-layout-9d6595d7 wp-block-columns-is-layout-flex\">\n<div class=\"wp-block-column is-layout-flow wp-block-column-is-layout-flow\" style=\"flex-basis:70%\">\n<p>Si ha sido <strong>arrestado por huir de la escena de un accidente automovil\u00edstico<\/strong>, yo puedo ayudarlo. Soy el <strong>abogado defensor de atropello y fuga <\/strong>Peter M. Liss. Me gradu\u00e9 de la <strong>Universidad de California, Berkeley Law School<\/strong>, y he defendido con \u00e9xito a cientos de personas como usted que han sido <strong>acusados de <\/strong><a href=\"https:\/\/vistacriminallaw.com\/traffic-offense-help\/\"><strong>delitos de tr\u00e1fico<\/strong><\/a>, incluyendo <strong>accidentes de atropello y fuga<\/strong>.<\/p>\n\n\n\n<p>Usted puede <strong>programar una consulta gratis <\/strong>en mi <strong>oficina de defensa criminal en Vista <\/strong>llamando al <strong>(760) 643-4050<\/strong> o en mi <strong>oficina legal <\/strong>m\u00e1s central en <strong>San Diego <\/strong>llamando al <strong>(858) 486-3024<\/strong>. Como un abogado de atropello y fuga altamente calificado, garantizo que mis clientes recibir\u00e1n <strong>representaci\u00f3n de alta calidad a precios asequibles<\/strong>.&nbsp;<\/p>\n\n\n\n<div class=\"wp-block-group has-light-blue-background-color has-background\"><div class=\"wp-block-group__inner-container is-layout-flow wp-block-group-is-layout-flow\">\n<h2 class=\"wp-block-heading\" id=\"h-acerca-de-los-accidentes-de-atropello-y-fuga-en-san-diego\"><strong>Acerca de los accidentes de atropello y fuga en San Diego<\/strong><\/h2>\n\n\n<div class=\"wp-block-image is-resized\">\n<figure class=\"aligncenter\"><img loading=\"lazy\" decoding=\"async\" width=\"600\" height=\"400\" sizes=\"auto, (max-width: 1000px) 100vw, 1000px\" src=\"https:\/\/vistacriminallaw.com\/wp-content\/uploads\/2021\/01\/car-crash-accident-on-street-62752330-1-600x400.jpg\" alt=\"Accidente automovil\u00edstico\n\" class=\"wp-image-9910\" title=\"\"><\/figure>\n<\/div>\n\n\n<p>Algo que muchos no entienden sobre los accidentes automovil\u00edsticos de atropello y fuga es que bajo la ley, detallada en el C\u00f3digo de Veh\u00edculos de California secciones 20001 y 20002 (VC), <strong>usted no necesita haber causado el accidente para ser acusado<\/strong>. Incluso si otra persona choca su veh\u00edculo, puede enfrentarse a cargos criminales si <strong>abandona la escena del accidente sin proporcionarle su informaci\u00f3n al otro conductor<\/strong>.<\/p>\n\n\n\n<p>Mientras que algunas personas piensan que s\u00f3lo puede ser acusado de atropello y fuga si se va despu\u00e9s de chocar un veh\u00edculo o una persona, es importante tener en cuenta que <strong>esta ley tambi\u00e9n cubre la propiedad no veh\u00edculo, como un buz\u00f3n o la mascota de alguien<\/strong>. Bajo 20002 (VC), incluso si el accidente s\u00f3lo implic\u00f3 da\u00f1os a la propiedad, <strong>en cualquier momento&nbsp; involucrado en un accidente y se va sin dar su nombre, informaci\u00f3n de contacto, informaci\u00f3n del seguro, y el n\u00famero de licencia de conducir est\u00e1 violando la ley<\/strong>.<\/p>\n\n\n\n<p>20001 y 20002 (VC) permiten <strong>abandonar legalmente el lugar de un accidente <\/strong>para <strong>buscar asistencia m\u00e9dica de urgencia <\/strong>para usted, su pasajero u otra persona herida en el accidente. En estos casos, <strong>debe <\/strong>informar del incidente a <strong>los responsables del hospital o a la polic\u00eda para <\/strong>que puedan identificar a cualquier otra persona implicada y darles sus datos de contacto y seguro.<\/p>\n\n\n\n<p>Si se le <strong>acusa de atropello y fuga a pesar de que se retir\u00f3 de la escena con el prop\u00f3sito de recibir atenci\u00f3n de emergencia <\/strong><em>y <\/em><strong>proporcion\u00f3 a la polic\u00eda o al personal del hospital informaci\u00f3n sobre el accidente, <\/strong>su abogado defensor puede <strong>utilizar esta informaci\u00f3n para que se retiren los cargos<\/strong>.<\/p>\n<\/div><\/div>\n\n\n\n<div class=\"wp-block-group has-green-background-color has-background\"><div class=\"wp-block-group__inner-container is-layout-flow wp-block-group-is-layout-flow\">\n<h2 class=\"wp-block-heading\" id=\"h-cual-es-la-pena-por-atropello-y-fuga-en-california\"><strong>\u00bfCu\u00e1l es la pena por atropello y fuga en California?<\/strong><\/h2>\n\n\n\n<p>Los <strong>cargos presentados en un accidente de atropello y fuga variar\u00e1n en funci\u00f3n de las <\/strong>circunstancias espec\u00edficas del incidente, incluyendo <strong>si alguien result\u00f3 herido o s\u00f3lo se produjeron da\u00f1os a la propiedad<\/strong>, si alguien sufri\u00f3 <strong>lesiones corporales graves<\/strong>, y si el acusado tiene alguna <strong>condena anterior <\/strong>en su expediente. Si una persona herida en un accidente de atropello y fuga ha muerto, el acusado puede incluso enfrentarse a <strong>cargos de <\/strong><a href=\"https:\/\/vistacriminallaw.com\/vehicular-homicide-charges-in-san-diego\/\"><strong>homicidio involuntario<\/strong><\/a> u <a href=\"https:\/\/vistacriminallaw.com\/voluntary-manslaughter\/\"><strong>homicidio<\/strong><\/a>. La fiscal\u00eda puede presentar <a href=\"https:\/\/vistacriminallaw.com\/animal-cruelty-597-pc\/\">cargos de maltrato animal<\/a> cuando un animal muere despu\u00e9s de un accidente de atropello y fuga.<\/p>\n\n\n\n<h3 class=\"wp-block-heading\" id=\"h-accidentes-con-lesiones\"><strong>Accidentes con lesiones<\/strong><\/h3>\n\n\n\n<p>Si una persona result\u00f3 herida (aunque sea levemente), el conductor que abandon\u00f3 la escena del accidente puede ser acusado bajo 20001 (VC), y <strong>puede ser presentado como un delito menor o un delito grave <\/strong>a discreci\u00f3n del fiscal. En California, las penas para los casos de atropello y fuga con lesiones o muerte incluyen <strong>tiempo de c\u00e1rcel o prisi\u00f3n, suspensi\u00f3n de la licencia de conducir, y multas sustanciales<\/strong>, incluso si usted no fue responsable por el accidente. El estado tambi\u00e9n puede <strong>confiscar permanentemente su veh\u00edculo<\/strong>.<\/p>\n\n\n\n<p>Si alguien fue herido como resultado de un accidente de atropello y fuga y el cargo se presenta <strong>como un delito menor, en virtud de 20001 (VC), el conductor puede enfrentar hasta un a\u00f1o de c\u00e1rcel y $ 10,000 en multas<\/strong>.<\/p>\n\n\n\n<h3 class=\"wp-block-heading bullet-square\" id=\"h-sanciones-por-delitos-graves\"><strong>Sanciones por delitos graves<\/strong><\/h3>\n\n\n\n<p>Si alguien fue herido como resultado de un accidente de atropello y fuga y el cargo se presenta <strong>como un delito menor, en virtud de 20001 (VC), el conductor puede enfrentarse a hasta un a\u00f1o de c\u00e1rcel y $10,000 en multas<\/strong>.<\/p>\n\n\n<div class=\"wp-block-image is-resized\">\n<figure class=\"alignleft size-large\"><img loading=\"lazy\" decoding=\"async\" width=\"600\" height=\"375\" sizes=\"auto, (max-width: 600px) 100vw, 600px\" src=\"https:\/\/vistacriminallaw.com\/wp-content\/uploads\/2023\/03\/shutterstock_412353520-600x375.jpg\" alt=\"Luz trasera rota\n\" class=\"wp-image-18925\" style=\"width:415px;height:auto\" title=\"\" srcset=\"https:\/\/vistacriminallaw.com\/wp-content\/uploads\/2023\/03\/shutterstock_412353520-600x375.jpg 600w, https:\/\/vistacriminallaw.com\/wp-content\/uploads\/2023\/03\/shutterstock_412353520-300x188.jpg 300w, https:\/\/vistacriminallaw.com\/wp-content\/uploads\/2023\/03\/shutterstock_412353520-768x480.jpg 768w, https:\/\/vistacriminallaw.com\/wp-content\/uploads\/2023\/03\/shutterstock_412353520.jpg 1000w\" \/><\/figure>\n<\/div>\n\n\n<h3 class=\"wp-block-heading\" id=\"h-sanciones-por-danos-a-la-propiedad-20002-vc\"><strong>Sanciones por da\u00f1os a la propiedad: 20002 (VC)<\/strong><\/h3>\n\n\n\n<p>Supongamos que usted abandona la escena de un accidente que <strong>s\u00f3lo resulta en da\u00f1os a la propiedad<\/strong>. En ese caso, <strong>se enfrentar\u00e1 a cargos de delito menor de atropello y fuga <\/strong>bajo <strong>el C\u00f3digo de Veh\u00edculos de California 20002 (VC)<\/strong>, donde la <strong>pena m\u00e1xima ser\u00e1 de $1,000 <\/strong>y <strong>6 meses de c\u00e1rcel<\/strong>. Independientemente del tipo de da\u00f1o, la ley le permite <strong>al estado confiscar su veh\u00edculo <\/strong>en algunos casos.<\/p>\n<\/div><\/div>\n\n\n\n<div class=\"wp-block-group has-light-blue-background-color has-background\"><div class=\"wp-block-group__inner-container is-layout-flow wp-block-group-is-layout-flow\">\n<h2 class=\"wp-block-heading\" id=\"h-cuales-son-las-posibles-defensas-en-caso-de-atropello-y-fuga\"><strong>\u00bfCu\u00e1les son las posibles defensas en caso de atropello y fuga?<\/strong><\/h2>\n\n\n\n<p>En muchos casos de atropello y fuga, un abogado puede ser capaz de <strong>reducir <\/strong>los <strong>cargos <\/strong>o asegurar una <a href=\"https:\/\/vistacriminallaw.com\/alternative-sentencing-california\/\"><strong>sentencia alternativa<\/strong><\/a>, como el <a href=\"https:\/\/vistacriminallaw.com\/court-ordered-community-service\/\"><strong>servicio comunitario<\/strong><\/a> en lugar&nbsp; del encarcelamiento. Cuando no ocurren lesiones, un cargo de atropello y fuga <strong>puede incluso ser retirado si la otra parte est\u00e1 de acuerdo, <\/strong>lo que a menudo se hace cuando, bajo un <strong>acuerdo civil,<\/strong> usted se compromete a cubrir los da\u00f1os causados. Cualquier persona acusada de atropello y fuga en San Diego <strong>debe ponerse en contacto con un abogado de defensa criminal tan pronto como sea posible <\/strong>para averiguar c\u00f3mo se puede trabajar mejor para vencer los cargos dadas las circunstancias espec\u00edficas de su caso.<\/p>\n\n\n\n<h3 class=\"wp-block-heading\" id=\"h-no-sabia-que-se-habia-producido-un-accidente\"><strong>No sab\u00eda que se hab\u00eda producido un accidente<\/strong><\/h3>\n\n\n\n<p>Si <strong>usted en realidad no se dio cuenta de que estuvo involucrado en un accidente <\/strong>y a\u00fan le debe a la otra parte una compensaci\u00f3n financiera por los da\u00f1os a su veh\u00edculo, usted <strong>no <\/strong>es <strong>culpable de abandonar la escena<\/strong>. Mientras que usted todav\u00eda puede ser dirigido a la corte en un juicio civil, no debe enfrentar ninguna consecuencia penal por violar 20002 (VC).<\/p>\n\n\n\n<p><strong>Esta defensa no funciona si usted <em>deber\u00eda <\/em>haber sido consciente de que se produjo un accidente <\/strong>pero no se dio cuenta porque <a href=\"https:\/\/vistacriminallaw.com\/es\/conduccion-imprudente\/\">conduc\u00eda de forma temeraria<\/a> o <a href=\"https:\/\/vistacriminallaw.com\/es\/dui-abogado\/\">bajo los efectos de las drogas o el alcohol<\/a>. S\u00f3lo es excusable alegar que no se dio cuenta del accidente si una persona razonable en las mismas circunstancias podr\u00eda haber llegado a la misma conclusi\u00f3n.<\/p>\n\n\n\n<h3 class=\"wp-block-heading\" id=\"h-no-se-han-producido-danos\"><strong>No se han producido da\u00f1os<\/strong><\/h3>\n\n\n\n<p>20002 (VC) es solamente un crimen si usted da\u00f1a la propiedad de otra persona. <strong>Si no se produjeron da\u00f1os<\/strong>, o si su veh\u00edculo fue el \u00fanico que sufri\u00f3 da\u00f1os, <strong>los cargos deben ser retirados<\/strong>, incluso si abandon\u00f3 la escena sin compartir su informaci\u00f3n.<\/p>\n\n\n\n<h3 class=\"wp-block-heading\" id=\"h-nadie-resulto-herido\"><strong>Nadie result\u00f3 herido<\/strong><\/h3>\n\n\n\n<p>Aunque no es una defensa completa a los cargos, <strong>si nadie fue herido pero ocurri\u00f3 da\u00f1o a la propiedad, usted solo deber\u00e1 enfrentar cargos relacionados con 20002 (VC)<\/strong>. Si usted fue acusado de 20001 (VC), esta defensa podr\u00eda resultar en la reducci\u00f3n de los cargos.<\/p>\n\n\n<div class=\"wp-block-image is-resized\">\n<figure class=\"alignright size-large\"><img loading=\"lazy\" decoding=\"async\" width=\"600\" height=\"410\" sizes=\"auto, (max-width: 600px) 100vw, 600px\" src=\"https:\/\/vistacriminallaw.com\/wp-content\/uploads\/2023\/03\/shutterstock_2199500105-600x410.jpg\" alt=\"Hombre sujetando una pistola por la ventanilla del coche\n\" class=\"wp-image-18970\" style=\"width:365px;height:auto\" title=\"\" srcset=\"https:\/\/vistacriminallaw.com\/wp-content\/uploads\/2023\/03\/shutterstock_2199500105-600x410.jpg 600w, https:\/\/vistacriminallaw.com\/wp-content\/uploads\/2023\/03\/shutterstock_2199500105-300x205.jpg 300w, https:\/\/vistacriminallaw.com\/wp-content\/uploads\/2023\/03\/shutterstock_2199500105-768x525.jpg 768w, https:\/\/vistacriminallaw.com\/wp-content\/uploads\/2023\/03\/shutterstock_2199500105.jpg 1000w\" \/><\/figure>\n<\/div>\n\n\n<h3 class=\"wp-block-heading\" id=\"h-no-era-seguro-parar\"><strong>No era seguro parar<\/strong><\/h3>\n\n\n\n<p>Como ya se ha dicho, la ley permite buscar atenci\u00f3n de urgencia despu\u00e9s de sufrir un accidente de tr\u00e1fico. Por la misma l\u00f3gica, si el lugar del accidente hace que <strong>sea peligroso detenerse <\/strong>e intercambiar informaci\u00f3n, usted tiene el derecho de conducir a un lugar seguro para hacerlo. Del mismo modo, si el otro conductor est\u00e1 tan enfadado que parece que lo quiere agredir, es legal que se proteja alej\u00e1ndote del lugar.<\/p>\n\n\n\n<p>En todos estos casos, sin embargo, <strong>debe ponerse en contacto con la polic\u00eda <\/strong>tan pronto como sea posible para notificarles del accidente para que puedan proporcionarle al otro conductor su informaci\u00f3n y puedan procesar una reclamaci\u00f3n con su compa\u00f1\u00eda de seguros. Si usted tiene raz\u00f3n para creer que el conductor representa una seria amenaza, incluso despu\u00e9s de calmarse despu\u00e9s de las secuelas inmediatas del accidente, su abogado de defensa criminal puede ser capaz de ayudarle a asegurar una orden de restricci\u00f3n para protegerse.<\/p>\n\n\n\n<h3 class=\"wp-block-heading\" id=\"h-usted-no-era-el-conductor\"><strong>Usted no era el conductor<\/strong><\/h3>\n\n\n\n<p><strong>Si usted no conduc\u00eda el veh\u00edculo <\/strong>implicado en el atropello y fuga, <strong>no puede ser culpable de este delito<\/strong>. Frecuentemente se acusa al individuo de estos cargos porque ellos o su veh\u00edculo coinciden con la descripci\u00f3n de la persona o el veh\u00edculo implicado en el incidente. Una buena coartada o <strong>prueba de que usted no estuvo involucrado en el accidente deber\u00eda ayudarle a evitar una condena<\/strong>.<\/p>\n<\/div><\/div>\n<\/div>\n\n\n\n<div class=\"wp-block-column is-layout-flow wp-block-column-is-layout-flow\" style=\"flex-basis:27%\">\n<div class=\"wp-block-group sidebar-blue-border has-white-background-color has-background\"><div class=\"wp-block-group__inner-container is-layout-flow wp-block-group-is-layout-flow\">\n<h2 class=\"wp-block-heading\" id=\"h-defensa-en-caso-de-atropello-y-fuga\"><strong>Defensa en caso de atropello y fuga<\/strong><\/h2>\n\n\n\n<h3 class=\"wp-block-heading\" id=\"h-el-mejor-abogado-de-san-diego\"><strong>El mejor abogado de San Diego<\/strong><\/h3>\n\n\n<div class=\"wp-block-image\">\n<figure class=\"aligncenter\"><img loading=\"lazy\" decoding=\"async\" width=\"600\" height=\"400\" sizes=\"auto, (max-width: 1000px) 100vw, 1000px\" src=\"https:\/\/vistacriminallaw.com\/wp-content\/uploads\/2021\/01\/statue-of-justice-and-books-54734047-600x400.jpg\" alt=\"Escalas de justicia\n\" class=\"wp-image-9916\" title=\"\"><\/figure>\n<\/div>\n\n\n<p>Si usted ha sido acusado de este cargo grave, <strong>puedo ayudarle<\/strong>. Tengo m\u00e1s de <strong>40 a\u00f1os de experiencia <\/strong>manejando casos de delitos menores y delitos graves de tr\u00e1fico como el suyo y he <strong>tratado con \u00e9xito cientos de casos<\/strong>.&nbsp;<\/p>\n\n\n\n<h3 class=\"wp-block-heading\" id=\"h-contigo-en-todo-momento\"><strong>Contigo en todo momento<\/strong><\/h3>\n\n\n\n<p>A lo largo de su caso, yo <strong>lo asesorar\u00e9 <\/strong>sobre el estado de su caso, <strong>argumentar\u00e9 a favor de la reducci\u00f3n de la fianza<\/strong>, <strong>har\u00e9 las mociones judiciales necesarias <\/strong>(como <strong>la supresi\u00f3n de pruebas)<\/strong>, <strong>buscar\u00e9 la reducci\u00f3n de los cargos<\/strong>, y <strong>luchar\u00e9 por una condena alternativa <\/strong>o la <strong>condena m\u00e1s baja posible<\/strong>.<\/p>\n\n\n\n<h3 class=\"wp-block-heading\" id=\"h-defensa-ante-los-tribunales-y-fuera-de-ellos\"><strong>Defensa ante los tribunales y fuera de ellos<\/strong><\/h3>\n\n\n\n<p>Como su abogado, puedo incluso <strong>llevarlo a la polic\u00eda o a la comisar\u00eda del sheriff <\/strong>y <strong>ayudarlo durante el interrogatorio <\/strong>si le piden que lleve su veh\u00edculo y describa lo sucedido. Al hacer esto, puedo <strong>prevenir que diga algo que pueda ser usado en su contra <\/strong>en la corte. Tambi\u00e9n <strong>lo representar\u00e9 en su juicio <\/strong>o en un <strong>acuerdo de culpabilidad<\/strong>, y en la mayor\u00eda de los casos de delitos menores, <strong>no tendr\u00e1 que comparecer ante el tribunal<\/strong>.<\/p>\n\n\n\n<a href=\"https:\/\/vistacriminallaw.com\/es\/pongase-en-contacto\/\" class=\"widget-button\">Estoy disponible, hablemos <\/a>\n<\/div><\/div>\n\n\n\n<div class=\"wp-block-group sidebar-blue-border has-white-background-color has-background\"><div class=\"wp-block-group__inner-container is-layout-flow wp-block-group-is-layout-flow\">\n<h2 class=\"wp-block-heading\" id=\"h-delitos-relacionados\"><strong>Delitos relacionados<\/strong><\/h2>\n\n\n\n<p>Los acusados de atropello y fuga son frecuentemente acusados de otros delitos tambi\u00e9n. Aqu\u00ed se encuentran algunos delitos com\u00fanmente acusados junto con estas acusaciones:<\/p>\n\n\n\n<ul class=\"wp-block-list is-style-square\">\n<li><a href=\"https:\/\/vistacriminallaw.com\/es\/conducir-sin-licencia\/\"><strong>Conducir con la licencia suspendida<\/strong><\/a><\/li>\n\n\n\n<li><strong><a href=\"https:\/\/vistacriminallaw.com\/joyriding-10851-vc\/\"><strong>Joyriding<\/strong><\/a><\/strong><\/li>\n\n\n\n<li><a href=\"https:\/\/vistacriminallaw.com\/dui-accident-defense-vista-ca\/#death\"><strong>Homicidio involuntario por DUI<\/strong><\/a><\/li>\n\n\n\n<li><a href=\"https:\/\/vistacriminallaw.com\/fighting-road-rage-charges-in-san-diego\/\"><strong>Furia en la carretera<\/strong><\/a><\/li>\n\n\n\n<li><strong><a href=\"https:\/\/vistacriminallaw.com\/evading-the-police-in-san-diego\/\"><strong>Evadir a la polic\u00eda<\/strong><\/a><\/strong><\/li>\n\n\n\n<li><strong><a href=\"https:\/\/vistacriminallaw.com\/street-racing-charges-in-san-diego\/\">Carreras callejeras<\/a><\/strong><\/li>\n\n\n\n<li><a href=\"https:\/\/vistacriminallaw.com\/driving-with-fraudulent-registration\/\"><strong>Registro fraudulento<\/strong><\/a><\/li>\n<\/ul>\n\n\n\n<div class=\"wp-block-group sidebar-blue-border has-white-background-color has-background\"><div class=\"wp-block-group__inner-container is-layout-flow wp-block-group-is-layout-flow\">\n<h2 class=\"wp-block-heading\" id=\"h-como-puedo-ayudar\"><strong>C\u00f3mo puedo ayudar<\/strong><\/h2>\n\n\n\n<figure class=\"wp-block-image size-large\"><img loading=\"lazy\" decoding=\"async\" width=\"600\" height=\"430\" sizes=\"auto, (max-width: 600px) 100vw, 600px\" src=\"https:\/\/vistacriminallaw.com\/wp-content\/uploads\/2021\/03\/shutterstock_133006499-2-600x430.jpg\" alt=\"Hombre arrestado escondiendo la cabeza\n\" class=\"wp-image-10574\" title=\"\" srcset=\"https:\/\/vistacriminallaw.com\/wp-content\/uploads\/2021\/03\/shutterstock_133006499-2-600x430.jpg 600w, https:\/\/vistacriminallaw.com\/wp-content\/uploads\/2021\/03\/shutterstock_133006499-2-300x215.jpg 300w, https:\/\/vistacriminallaw.com\/wp-content\/uploads\/2021\/03\/shutterstock_133006499-2-768x551.jpg 768w, https:\/\/vistacriminallaw.com\/wp-content\/uploads\/2021\/03\/shutterstock_133006499-2-1536x1102.jpg 1536w, https:\/\/vistacriminallaw.com\/wp-content\/uploads\/2021\/03\/shutterstock_133006499-2-2048x1469.jpg 2048w, https:\/\/vistacriminallaw.com\/wp-content\/uploads\/2021\/03\/shutterstock_133006499-2-scaled.jpg 1428w\" \/><\/figure>\n\n\n\n<p>Le ayudar\u00e9 a <strong>evaluar todas las posibles defensas legales <\/strong>a este delito, incluyendo que usted no era el que conduc\u00eda, estaba buscando atenci\u00f3n m\u00e9dica, o no se dio cuenta de que estaba involucrado en un accidente. Alternativamente, si el oficial de arresto cometi\u00f3 un error, esto podr\u00eda proporcionar motivos para que las pruebas sean suprimidas o para que los cargos sean reducidos o retirados. Despu\u00e9s de trabajar con usted para <strong>establecer la defensa m\u00e1s s\u00f3lida <\/strong>para su caso espec\u00edfico, voy a ayudar\u00e9 a <strong>investigar su caso <\/strong>y <strong>reunir\u00e9 pruebas <\/strong>en su nombre para apoyarlo.<\/p>\n\n\n\n<h3 class=\"wp-block-heading\" id=\"h-servicio-de-confianza\"><strong>Servicio de confianza<\/strong><\/h3>\n\n\n\n<p>Cuando trabaja conmigo en su caso de atropello y fuga, puede estar seguro de que yo soy el <strong>\u00fanico abogado que trabaja en su caso<\/strong>. Siempre puede esperar una <strong>respuesta inmediata y cort\u00e9s<\/strong> al ponerse en contacto conmigo gracias a mi <strong>servicio de contestador de 24 horas<\/strong>.<\/p>\n\n\n\n<h3 class=\"wp-block-heading\" id=\"h-llame-hoy-a-mis-oficinas\"><strong>Llame hoy a mis oficinas<\/strong><\/h3>\n\n\n\n<figure class=\"wp-block-image size-full\"><img loading=\"lazy\" decoding=\"async\" width=\"288\" height=\"289\" sizes=\"auto, (max-width: 288px) 100vw, 288px\" src=\"https:\/\/vistacriminallaw.com\/wp-content\/uploads\/2022\/08\/217339_180998835285907_1661859_n-5-edited-1.jpg\" alt=\"Abogado Peter Liss\n\" class=\"wp-image-15703\" title=\"\" srcset=\"https:\/\/vistacriminallaw.com\/wp-content\/uploads\/2022\/08\/217339_180998835285907_1661859_n-5-edited-1.jpg 288w, https:\/\/vistacriminallaw.com\/wp-content\/uploads\/2022\/08\/217339_180998835285907_1661859_n-5-edited-1-150x150.jpg 150w\" \/><\/figure>\n\n\n\n<p>Si usted o un ser querido ha sido <strong>acusado de un accidente de atropello y fuga<\/strong>, por favor llame a mis oficinas en Vista (al otro lado de la calle de la <strong>corte del Condado Norte de San Diego y la c\u00e1rcel<\/strong>) o San Diego (situado fuera de la <strong>I-5 en Carmel Valley<\/strong>) para <strong>programar una consulta inicial gratuita<\/strong>. Ofrezco <strong>costos razonables <\/strong>y <strong>acepto las principales tarjetas de cr\u00e9dito<\/strong>.<\/p>\n<\/div><\/div>\n<\/div><\/div>\n<\/div>\n<\/div>\n\n\n<div id=\"yellow-box-block_69e42f74939a3933512ac7a81eca1d3c\" class=\"yellow-box call-to-action\"><h4><b>C\u00f3mo contactar al abogado defensor de Vista Peter Liss<\/b><\/h4>\n<p>Para ayuda h\u00e1bil e INMEDIATA contra una acusaci\u00f3n de atropello y fuga , por favor llame a mi oficina de abogados:<\/p>\n<div class=\"phone-holder\"><span class=\"phonecenter\"><strong><a href=\"tel:+17606434050\">(760) 643-4050<\/a><\/strong><\/span>o<span class=\"phonecenter\"><strong><a href=\"tel:+18584863024\">(858) 486-3024<\/a><\/strong><\/span><\/div><p><b>Llame 24 horas al d\u00eda, 7 d\u00edas a la semana. Yo lo puedo ayudar.<\/b><\/p>\n<p><strong>\u00a0<\/strong><\/p>\n<\/div>","protected":false},"excerpt":{"rendered":"<p>ABOGADO DE ATROPELLO Y FUGA EN VISTA Y SAN DIEGO Si ha sido arrestado por huir de la escena de un accidente automovil\u00edstico, yo puedo ayudarlo. Soy el abogado defensor de atropello y fuga Peter M. Liss. Me gradu\u00e9 de la Universidad de California, Berkeley Law School, y he defendido con \u00e9xito a cientos de [&hellip;]<\/p>\n","protected":false},"author":5,"featured_media":0,"parent":0,"menu_order":0,"comment_status":"closed","ping_status":"closed","template":"","meta":{"_acf_changed":false,"_genesis_hide_title":false,"_genesis_hide_breadcrumbs":false,"_genesis_hide_singular_image":false,"_genesis_hide_footer_widgets":false,"_genesis_custom_body_class":"","_genesis_custom_post_class":"","_genesis_layout":"full-width-content","_mbp_gutenberg_autopost":false,"footnotes":""},"class_list":{"0":"post-21627","1":"page","2":"type-page","3":"status-publish","5":"entry"},"acf":[],"_links":{"self":[{"href":"https:\/\/vistacriminallaw.com\/es\/wp-json\/wp\/v2\/pages\/21627","targetHints":{"allow":["GET"]}}],"collection":[{"href":"https:\/\/vistacriminallaw.com\/es\/wp-json\/wp\/v2\/pages"}],"about":[{"href":"https:\/\/vistacriminallaw.com\/es\/wp-json\/wp\/v2\/types\/page"}],"author":[{"embeddable":true,"href":"https:\/\/vistacriminallaw.com\/es\/wp-json\/wp\/v2\/users\/5"}],"replies":[{"embeddable":true,"href":"https:\/\/vistacriminallaw.com\/es\/wp-json\/wp\/v2\/comments?post=21627"}],"version-history":[{"count":61,"href":"https:\/\/vistacriminallaw.com\/es\/wp-json\/wp\/v2\/pages\/21627\/revisions"}],"predecessor-version":[{"id":38822,"href":"https:\/\/vistacriminallaw.com\/es\/wp-json\/wp\/v2\/pages\/21627\/revisions\/38822"}],"wp:attachment":[{"href":"https:\/\/vistacriminallaw.com\/es\/wp-json\/wp\/v2\/media?parent=21627"}],"curies":[{"name":"wp","href":"https:\/\/api.w.org\/{rel}","templated":true}]}}