{"id":21733,"date":"2024-02-20T18:07:25","date_gmt":"2024-02-21T02:07:25","guid":{"rendered":"https:\/\/vistacriminallaw.com\/?page_id=21733"},"modified":"2026-03-30T20:53:02","modified_gmt":"2026-03-31T03:53:02","slug":"conducir-sin-licencia","status":"publish","type":"page","link":"https:\/\/vistacriminallaw.com\/es\/conducir-sin-licencia\/","title":{"rendered":"Abogado de casos de Conducir sin Licencia\u00a0en Vista"},"content":{"rendered":"\n<figure class=\"wp-block-image size-full\"><img loading=\"lazy\" decoding=\"async\" width=\"2280\" height=\"380\" sizes=\"auto, (max-width: 2280px) 100vw, 2280px\" src=\"https:\/\/vistacriminallaw.com\/wp-content\/uploads\/2022\/06\/shorter_0002_VistaLaw_traffic-1@2x-1.jpg\" alt=\"Ilustraci\u00f3n de delitos de tr\u00e1fico\n\" class=\"wp-image-14794\" style=\"object-fit:cover\" title=\"\" srcset=\"https:\/\/vistacriminallaw.com\/wp-content\/uploads\/2022\/06\/shorter_0002_VistaLaw_traffic-1@2x-1.jpg 2280w, https:\/\/vistacriminallaw.com\/wp-content\/uploads\/2022\/06\/shorter_0002_VistaLaw_traffic-1@2x-1-300x50.jpg 300w, https:\/\/vistacriminallaw.com\/wp-content\/uploads\/2022\/06\/shorter_0002_VistaLaw_traffic-1@2x-1-600x100.jpg 600w, https:\/\/vistacriminallaw.com\/wp-content\/uploads\/2022\/06\/shorter_0002_VistaLaw_traffic-1@2x-1-768x128.jpg 768w, https:\/\/vistacriminallaw.com\/wp-content\/uploads\/2022\/06\/shorter_0002_VistaLaw_traffic-1@2x-1-1536x256.jpg 1536w, https:\/\/vistacriminallaw.com\/wp-content\/uploads\/2022\/06\/shorter_0002_VistaLaw_traffic-1@2x-1-2048x341.jpg 2048w, https:\/\/vistacriminallaw.com\/wp-content\/uploads\/2022\/06\/shorter_0002_VistaLaw_traffic-1@2x-1-1200x200.jpg 1200w\" \/><\/figure>\n\n\n\n<h1 class=\"wp-block-heading\" id=\"h-abogado-de-casos-de-conducir-sin-licencia-nbsp-en-vista\"><strong>Abogado de casos de Conducir sin Licencia&nbsp;<\/strong>en Vista<\/h1>\n\n\n\n<div class=\"wp-block-columns is-layout-flex wp-container-core-columns-is-layout-9d6595d7 wp-block-columns-is-layout-flex\">\n<div class=\"wp-block-column is-layout-flow wp-block-column-is-layout-flow\" style=\"flex-basis:70%\">\n<p>Si usted ha sido arrestado por conducir con <strong>una licencia de conducir suspendida o revocada<\/strong>, <strong>yo puedo ayudarle<\/strong>. Soy el <strong>abogado de licencias suspendidas de San Diego Peter M. Liss, <\/strong>y he tratado m\u00e1s de <strong>100 juicios criminales con jurado <\/strong>y <strong>defendido exitosamente a cientos de personas arrestadas y acusadas por <\/strong>ofensas <strong>criminales de tr\u00e1fico <\/strong>en Vista y San Diego, incluyendo cargos relacionados con conducir <strong>sin una licencia v\u00e1lida <\/strong>(C\u00f3digo de Veh\u00edculos 12500 (a) (VC)) o <strong>conducir con una licencia suspendida o revocada <\/strong>(14601.1 (a) (VC)).<\/p>\n\n\n\n<p>Si usted necesita un <strong>abogado <\/strong>h\u00e1bil y experimentado con un historial de \u00e9xito en la lucha contra los cargos relacionados con veh\u00edculos de motor, por favor <strong>llame al <\/strong><a href=\"tel:+17606434050\"><strong>(760) 643-4050<\/strong><\/a> para programar una <strong>consulta gratuita<\/strong>. Usted recibir\u00e1 <strong>representaci\u00f3n de alta calidad por una tarifa razonable.<\/strong><\/p>\n\n\n\n<div class=\"wp-block-group has-light-blue-background-color has-background\"><div class=\"wp-block-group__inner-container is-layout-flow wp-block-group-is-layout-flow\">\n<h2 class=\"wp-block-heading\"><strong>Cargos por Conducir con Licencia Suspendida: 14601.1 (a) (VC)&nbsp;<\/strong><\/h2>\n\n\n\n<p>Si le han suspendido o retirado el carn\u00e9 de conducir, <strong>puede que se sienta tentado a conducir con <\/strong>la esperanza de que las probabilidades de que lo paren sean escasas. Pero suponga que lo detiene la polic\u00eda. En ese caso, sin duda se arrepentir\u00e1 de la decisi\u00f3n, ya que <strong>operar un veh\u00edculo de motor con una licencia suspendida o revocada<\/strong>, es un delito bajo el C\u00f3digo de Veh\u00edculos de California 14601.1 (a) (VC), y <strong>conlleva graves consecuencias<\/strong>. Si se le acusa de conducir despu\u00e9s de haber perdido su licencia de conducir, por favor llame a Peter M. Liss.<\/p>\n\n\n<div class=\"wp-block-image\">\n<figure class=\"alignright\"><img loading=\"lazy\" decoding=\"async\" width=\"1283\" height=\"1024\" sizes=\"auto, (max-width: 1283px) 100vw, 1283px\" src=\"https:\/\/vistacriminallaw.com\/wp-content\/uploads\/2021\/01\/driver-license-43920374-new-1.jpg\" alt=\"Licencia de conducir suspendida\n\" class=\"wp-image-9872\" title=\"\" srcset=\"https:\/\/vistacriminallaw.com\/wp-content\/uploads\/2021\/01\/driver-license-43920374-new-1.jpg 1283w, https:\/\/vistacriminallaw.com\/wp-content\/uploads\/2021\/01\/driver-license-43920374-new-1-300x239.jpg 300w, https:\/\/vistacriminallaw.com\/wp-content\/uploads\/2021\/01\/driver-license-43920374-new-1-600x479.jpg 600w, https:\/\/vistacriminallaw.com\/wp-content\/uploads\/2021\/01\/driver-license-43920374-new-1-768x613.jpg 768w, https:\/\/vistacriminallaw.com\/wp-content\/uploads\/2021\/01\/driver-license-43920374-new-1-1536x1225.jpg 1536w\" \/><\/figure>\n<\/div>\n\n\n<h3 class=\"wp-block-heading\"><strong>Razones para la suspensi\u00f3n de licencias DMV<\/strong><\/h3>\n\n\n\n<p>Hay <strong>muchas razones por las que sus privilegios de conducir pueden ser revocados o suspendidos <\/strong>en California. Estas pueden incluir:<\/p>\n\n\n\n<ul class=\"wp-block-list is-style-shield\">\n<li><a href=\"https:\/\/vistacriminallaw.com\/es\/dmv-audiencia\/\">Ser acusado de DUI<\/a><\/li>\n\n\n\n<li>Ser condenado por determinados delitos de drogas<\/li>\n\n\n\n<li>No mantener un seguro de autom\u00f3vil<\/li>\n\n\n\n<li>No comparecer ante el tribunal por una multa de tr\u00e1fico<\/li>\n\n\n\n<li>Olvidar presentar un informe de colisi\u00f3n de tr\u00e1fico SR1 despu\u00e9s de un accidente<\/li>\n\n\n\n<li>Ser condenado por muchos delitos en el sistema de tribunales de menores<\/li>\n\n\n\n<li>Padecer una enfermedad que le impida conducir con seguridad<\/li>\n\n\n\n<li>Incumplimiento del pago de la pensi\u00f3n alimenticia<\/li>\n\n\n\n<li><a href=\"https:\/\/vistacriminallaw.com\/vehicular-homicide-charges-in-san-diego\/\">Ser condenado por homicidio con veh\u00edculo<\/a><\/li>\n\n\n\n<li>Obtener demasiados puntos en su registro del DMV<\/li>\n\n\n\n<li>y m\u00e1s<\/li>\n<\/ul>\n\n\n\n<p>En algunos casos, el <a href=\"https:\/\/vistacriminallaw.com\/lose-license-forever\/\"><strong>DMV puede prohibir permanentemente que alguien conduzca<\/strong><\/a><strong> legalmente<\/strong> si lapersona fue condenada por <strong>utilizar su veh\u00edculo como arma mortal <\/strong>en un acto de <a href=\"https:\/\/vistacriminallaw.com\/fighting-road-rage-charges-in-san-diego\/\">furia al volante<\/a> o <strong>porque <\/strong>es un <strong>infractor habitual de tr\u00e1fico que fue sorprendido conduciendo antes de que se le restituyera el permiso<\/strong>.<\/p>\n\n\n\n<h3 class=\"wp-block-heading\"><strong>Sanciones para 14601.1(a)(VC)<\/strong><\/h3>\n\n\n\n<p>Violaci\u00f3n de una suspensi\u00f3n o revocaci\u00f3n de la licencia de conducir es un cargo de delito menor, <strong>punible con una multa de hasta $1000 y seis meses de c\u00e1rcel<\/strong>. Una condena por 14601.1(a)(VC) tambi\u00e9n resultar\u00e1 en que el DMV <strong>agregue dos puntos a su r\u00e9cord<\/strong>, y estos puntos ser\u00e1n agregados aun si sus abogados defensores pueden reducir el caso a una infracci\u00f3n. Un conductor que obtiene cuatro puntos en un a\u00f1o es considerado un operador negligente y se enfrenta a una suspensi\u00f3n adicional del DMV de seis meses.<\/p>\n\n\n<div class=\"wp-block-image\">\n<figure class=\"aligncenter\"><img loading=\"lazy\" decoding=\"async\" width=\"600\" height=\"389\" sizes=\"auto, (max-width: 1578px) 100vw, 1578px\" src=\"https:\/\/vistacriminallaw.com\/wp-content\/uploads\/2021\/01\/pulled-over-by-police-car-13594631-600x389.jpg\" alt=\"Veh\u00edculo detenido por la polic\u00eda\n\" class=\"wp-image-9874\" title=\"\" srcset=\"https:\/\/vistacriminallaw.com\/wp-content\/uploads\/2021\/01\/pulled-over-by-police-car-13594631-600x389.jpg 600w, https:\/\/vistacriminallaw.com\/wp-content\/uploads\/2021\/01\/pulled-over-by-police-car-13594631-300x195.jpg 300w, https:\/\/vistacriminallaw.com\/wp-content\/uploads\/2021\/01\/pulled-over-by-police-car-13594631-768x498.jpg 768w, https:\/\/vistacriminallaw.com\/wp-content\/uploads\/2021\/01\/pulled-over-by-police-car-13594631-1536x997.jpg 1536w, https:\/\/vistacriminallaw.com\/wp-content\/uploads\/2021\/01\/pulled-over-by-police-car-13594631-2048x1329.jpg 2048w, https:\/\/vistacriminallaw.com\/wp-content\/uploads\/2021\/01\/pulled-over-by-police-car-13594631.jpg 1578w\" \/><\/figure>\n<\/div>\n\n\n<p>Las <strong>consecuencias pueden aumentar si usted tiene condenas penales anteriores de conducci\u00f3n <\/strong>y, en los casos en que recibi\u00f3 una suspensi\u00f3n de la licencia despu\u00e9s de obtener un DUI, <strong>puede ser obligado a instalar un dispositivo de bloqueo de ignici\u00f3n<\/strong>. Si usted ha <strong>sido declarado un infractor habitual de tr\u00e1fico <\/strong>despu\u00e9s de varios accidentes de tr\u00e1fico graves, citaciones en movimiento o delitos relacionados con el autom\u00f3vil y <em>luego <\/em>es <strong>condenado por conducir con una licencia suspendida<\/strong>, podr\u00eda tener sus <strong>privilegios de conducir permanentemente revocados <\/strong>en California. Su veh\u00edculo tambi\u00e9n podr\u00eda estar sujeto a la <strong>confiscaci\u00f3n obligatoria de veh\u00edculos<\/strong>.<\/p>\n\n\n\n<p>Sin embargo, <strong>sentencias alternativas pueden ser ofrecidas <\/strong>en algunos casos. Debido a que las penas potenciales para 14601.1(a)(VC) son severas, usted debe obtener un <strong>abogado experto en defensa criminal <\/strong>tan pronto como sea posible para tratar de obtener los <strong>mejores resultados <\/strong>bajo los hechos particulares y la ley de su caso. El conocimiento de su abogado de las defensas, directrices de sentencia, y opciones alternativas de sentencia ser\u00e1 vital para obtener el mejor resultado posible dadas sus circunstancias espec\u00edficas.<\/p>\n\n\n\n<h3 class=\"wp-block-heading\"><strong>Llame a un Abogado de Suspensi\u00f3n de Licencia Inmediatamente<\/strong><\/h3>\n\n\n\n<p>Cualquiera que sea la raz\u00f3n de la suspensi\u00f3n o revocaci\u00f3n de su licencia, conducir sin una licencia legal es un delito en California bajo 14601.1(a)(VC), y usted puede ser <strong>arrestado y puesto bajo custodia<\/strong>. Este cargo grave requiere un abogado de defensa criminal superior. Tambi\u00e9n vale la pena mencionar que el la Corte&nbsp; Suprema de los EE.UU. ha sostenido que el simple hecho de que un <strong>veh\u00edculo le pertenzca a alguien con una licencia suspendida es motivo suficiente para que un oficial de polic\u00eda detenga a alguien<\/strong>, por lo que es <strong>dif\u00edcil postular que el oficial carec\u00eda de sospecha razonable <\/strong>para detener un veh\u00edculo en estos casos.<\/p>\n<\/div><\/div>\n\n\n\n<div class=\"wp-block-group has-green-background-color has-background\"><div class=\"wp-block-group__inner-container is-layout-flow wp-block-group-is-layout-flow\">\n<h2 class=\"wp-block-heading\" id=\"driving-without-a-license\"><strong>Conducir sin un permiso v\u00e1lido: 12500 (VC)&nbsp;<\/strong><\/h2>\n\n\n\n<p>Aparte de que seguir conduciendo despu\u00e9s de recibir una suspensi\u00f3n o revocaci\u00f3n de la licencia es un delito que se toma muy en serio, tambi\u00e9n puede enfrentar cargos por <strong>conducir sin una licencia v\u00e1lida <\/strong>en California. Esta ley no s\u00f3lo cubre a los adolescentes o adultos que <strong>conducen sin obtener una licencia <\/strong>del DMV, sino tambi\u00e9n a aquellos que <strong>conducen despu\u00e9s de que su licencia expire <\/strong>o que <strong>se mudan a California y no obtienen una nueva licencia de conducir dentro de los 20 d\u00edas<\/strong>. De hecho, bajo el <strong>C\u00f3digo de Veh\u00edculos de California secci\u00f3n 12500 (VC)<\/strong>, estos delitos podr\u00edan incluso ser <strong>delitos menores, punibles con penas de c\u00e1rcel<\/strong>.<\/p>\n\n\n\n<figure class=\"wp-block-embed is-type-video is-provider-youtube wp-block-embed-youtube wp-embed-aspect-16-9 wp-has-aspect-ratio\"><div class=\"wp-block-embed__wrapper\">\n<iframe loading=\"lazy\" title=\"Have You Been Accused of Driving Without a Valid License in San Diego? Call (760) 643-4050\" width=\"740\" height=\"416\" src=\"https:\/\/www.youtube-nocookie.com\/embed\/4AkU38JuhUc?wmode=transparent&#038;rel=0&#038;feature=oembed\" frameborder=\"0\" allow=\"accelerometer; autoplay; clipboard-write; encrypted-media; gyroscope; picture-in-picture; web-share\" referrerpolicy=\"strict-origin-when-cross-origin\" allowfullscreen><\/iframe>\n<\/div><\/figure>\n\n\n\n<p><strong>Manejar un veh\u00edculo sin licencia <\/strong>bajo 12500 (a) (VC) es un crimen menos severo (aunque similar) a manejar despu\u00e9s de obtener una suspensi\u00f3n o revocaci\u00f3n de licencia. Eso es porque si su licencia de conducir ha sido suspendida, lo m\u00e1s probable es que usted ya haya violado una ley mayor de conducci\u00f3n &#8211; obteniendo un DUI siendo un ejemplo. Conducir despu\u00e9s de una suspensi\u00f3n de licencia siempre se presenta como un delito menor (aunque los abogados de defensa criminal a veces pueden reducir los cargos a una infracci\u00f3n), pero <strong>conducir sin licencia bajo 12500(a)(VC) puede ser acusado como una infracci\u00f3n <em>o <\/em>un delito menor<\/strong>.<\/p>\n\n\n\n<p><strong>No existe una condena m\u00ednima para quienes son sorprendidos conduciendo sin licencia<\/strong>. Adem\u00e1s, <strong>conducir un veh\u00edculo sin licencia no a\u00f1ade un punto a su expediente del DMV<\/strong>.<\/p>\n\n\n\n<p>En <strong>la mayor\u00eda de los casos en los que alguien no renov\u00f3 su licencia u obtuvo una nueva licencia despu\u00e9s de mudarse a California, el delito es una infracci\u00f3n, castigada con solo una multa de $250 -especialmente <\/strong>si el conductor renueva su licencia u obtiene una licencia del estado de California dentro de los 20 d\u00edas.<\/p>\n\n\n\n<p>Una de las mejores cosas que puede hacer para luchar contra los cargos relacionados con 12500 (VC) es <strong>obtener una licencia de conducir legal de California <\/strong>tan pronto como sea posible, que por lo general esto har\u00e1 que a los cargos se reduzcan a una infracci\u00f3n. Si esto no es una opci\u00f3n v\u00e1lida debido a su edad, <strong>&nbsp;puede enfrentar otras acusaciones como<\/strong><a href=\"https:\/\/vistacriminallaw.com\/joyriding-10851-vc\/\">carga de paseo<\/a>. En este caso, su <strong>abogado de conducci\u00f3n <\/strong>sin <strong>licencia puede ser capaz de negociar un acuerdo <\/strong>en el que s\u00f3lo se enfrenta a un cargo de conducir sin licencia, lo que le ayuda a <strong>escapar de otros cargos m\u00e1s graves<\/strong>.<\/p>\n\n\n\n<p>Si un individuo estaba <strong>llevando a alguien al hospital <\/strong>debido a una <strong>emergencia m\u00e9dica <\/strong>o estaba <strong>reaccionando a una crisis similar<\/strong>, usted tiene una <strong>defensa total contra los cargos <\/strong>en la corte.<\/p>\n<\/div><\/div>\n<\/div>\n\n\n\n<div class=\"wp-block-column is-layout-flow wp-block-column-is-layout-flow\" style=\"flex-basis:27%\">\n<div class=\"wp-block-group sidebar-blue-border has-white-background-color has-background\"><div class=\"wp-block-group__inner-container is-layout-flow wp-block-group-is-layout-flow\">\n<h2 class=\"wp-block-heading\"><strong>Abogado de Licencia Suspendida<\/strong><\/h2>\n\n\n\n<h3 class=\"wp-block-heading\"><strong>Defensa en el condado de San Diego<\/strong><\/h3>\n\n\n\n<figure class=\"wp-block-image size-full\"><img loading=\"lazy\" decoding=\"async\" width=\"288\" height=\"432\" sizes=\"auto, (max-width: 288px) 100vw, 288px\" src=\"https:\/\/vistacriminallaw.com\/wp-content\/uploads\/2022\/08\/217339_180998835285907_1661859_n-1.jpg\" alt=\"Abogado Peter Liss\n\" class=\"wp-image-15576\" title=\"\" srcset=\"https:\/\/vistacriminallaw.com\/wp-content\/uploads\/2022\/08\/217339_180998835285907_1661859_n-1.jpg 288w, https:\/\/vistacriminallaw.com\/wp-content\/uploads\/2022\/08\/217339_180998835285907_1661859_n-1-200x300.jpg 200w\" \/><\/figure>\n\n\n\n<p>Cuando usted <strong>me contrata como su abogado,&nbsp; me empe\u00f1are en ayudarle <\/strong>en todas las formas posibles: lo <strong>mantendr\u00e9 informado y actualizado sobre su caso<\/strong>, luchar\u00e9 para que <strong>su fianza sea reducida <\/strong>o para que usted sea <strong>puesto en libertad bajo palabra, <\/strong>y <strong>elabora&nbsp; mociones judiciales en su nombre, <\/strong>tales como la <strong>supresi\u00f3n de pruebas obtenidas ilegalmente<\/strong>. Tambi\u00e9n <strong>investigar\u00e9 su caso <\/strong>y <strong>reunir\u00e9 pruebas para apoyar su defensa<\/strong>.<\/p>\n\n\n\n<h3 class=\"wp-block-heading\"><strong>Dedicaci\u00f3n a su caso<\/strong><\/h3>\n\n\n\n<p>Tan pronto como me contrate, <strong>trabajar\u00e9 para que sus cargos sean retirados o reducidos <\/strong>siempre que sea posible, y luego <strong>luchar\u00e9 incansablemente por usted <\/strong>en un <strong>acuerdo con la fiscal\u00eda o en un juicio<\/strong>. En la mayor\u00eda de los casos, <strong>mis clientes no tendr\u00e1n que ir a la corte<\/strong>. Si es condenado, siempre me esforzar\u00e9 por conseguir la <strong>condena m\u00e1s baja posible <\/strong>o una <strong>sentencia alternativa <\/strong>como <strong>arresto domiciliario <\/strong>o <strong>servicio comunitario<\/strong>.<\/p>\n\n\n\n<h3 class=\"wp-block-heading\"><strong>Llame a mis oficinas legales hoy<\/strong><\/h3>\n\n\n\n<p>Cuando se ponga en contacto con mis oficinas, <strong>siempre le contestar\u00e1 alguien <\/strong>sin importar el d\u00eda o la hora, gracias a mi <strong>servicio de contestador 24 horas<\/strong>.&nbsp; Le prometo una <strong>respuesta cort\u00e9s y r\u00e1pida <\/strong>porque s\u00e9 lo atemorizante que puede ser enfrentar cargos criminales. Mis oficinas convenientemente ubicadas <strong>aceptan las principales tarjetas de cr\u00e9dito <\/strong>y ofrecen <strong>estacionamiento gratuito<\/strong>. Mi bufete de abogados de Vista, California est\u00e1 <strong>enfrente a la C\u00e1rcel y el Tribunal del Norte del Condado de San Diego<\/strong>. Mi oficina de Carmel Valley est\u00e1 <strong>ubicada m\u00e1s centricamente en el Condado de San Diego<\/strong>, al lado de las autopistas 5 y 805.<\/p>\n\n\n\n<h3 class=\"wp-block-heading\"><strong>Representaci\u00f3n de calidad<\/strong><\/h3>\n\n\n\n<p>Desde su consulta inicial hasta el momento en que su caso se resuelva, <strong>ser\u00e9 el \u00fanico abogado que lleve su caso<\/strong>. Mis clientes reciben una <strong>representaci\u00f3n de alta calidad por una tarifa razonable <\/strong>y tengo la experiencia para respaldar esta garant\u00eda, comenzando con un <strong>t\u00edtulo de abogado de la prestigiosa Universidad de California, Berkeley Law School<\/strong>. Durante los <strong>40 a\u00f1os que <\/strong>he estado practicando la ley, <strong>he tratado m\u00e1s de 100 juicios penales, <\/strong>incluyendo <strong>numerosos cargos relacionados con conducir sin licencia o conducir con una licencia suspendida o revocada<\/strong>.<\/p>\n\n\n\n<a href=\"https:\/\/vistacriminallaw.com\/es\/pongase-en-contacto\/\" class=\"widget-button\">Estoy disponible, hablemos<\/a>\n<\/div><\/div>\n\n\n\n<div class=\"wp-block-group sidebar-blue-border has-white-background-color has-background\"><div class=\"wp-block-group__inner-container is-layout-flow wp-block-group-is-layout-flow\">\n<h2 class=\"wp-block-heading\"><strong>Puede luchar contra los cargos<\/strong><\/h2>\n\n\n\n<h3 class=\"wp-block-heading\"><strong>Puedo ayudar<\/strong><\/h3>\n\n\n\n<p>Si usted o alguien en su familia ha sido <strong>arrestado o acusado de un delito relacionado con la conducci\u00f3n<\/strong>, incluyendo la operaci\u00f3n de un veh\u00edculo sin una licencia v\u00e1lida, por favor ll\u00e1meme para una <strong>consulta inicial gratuita <\/strong>para saber c\u00f3mo puedo ayudarle.<\/p>\n\n\n<div class=\"wp-block-image\">\n<figure class=\"aligncenter\"><img loading=\"lazy\" decoding=\"async\" width=\"600\" height=\"400\" sizes=\"auto, (max-width: 1536px) 100vw, 1536px\" src=\"https:\/\/vistacriminallaw.com\/wp-content\/uploads\/2021\/01\/gavel-scales-of-justice-and-law-books-66558437-600x400.jpg\" alt=\"Mazo y escala\n\" class=\"wp-image-9879\" title=\"\" srcset=\"https:\/\/vistacriminallaw.com\/wp-content\/uploads\/2021\/01\/gavel-scales-of-justice-and-law-books-66558437-600x400.jpg 600w, https:\/\/vistacriminallaw.com\/wp-content\/uploads\/2021\/01\/gavel-scales-of-justice-and-law-books-66558437-300x200.jpg 300w, https:\/\/vistacriminallaw.com\/wp-content\/uploads\/2021\/01\/gavel-scales-of-justice-and-law-books-66558437-768x512.jpg 768w, https:\/\/vistacriminallaw.com\/wp-content\/uploads\/2021\/01\/gavel-scales-of-justice-and-law-books-66558437.jpg 1536w, https:\/\/vistacriminallaw.com\/wp-content\/uploads\/2021\/01\/gavel-scales-of-justice-and-law-books-66558437-2048x1365.jpg 2048w\" \/><\/figure>\n<\/div>\n\n\n<h3 class=\"wp-block-heading\"><strong>Defensas comunes<\/strong><\/h3>\n\n\n\n<p><strong>Cada caso relacionado a conducir con una licencia suspendida o conducir sin licencia requiere una defensa diferente<\/strong>, por eso es tan crucial <strong>nunca hablar con la polic\u00eda sin su abogado <\/strong>a su lado. Posibles defensas en casos de conducci\u00f3n con una licencia suspendida en California incluyen:<\/p>\n\n\n\n<ul class=\"wp-block-list is-style-square\">\n<li><\/li>\n<\/ul>\n\n\n\n<p><\/p>\n<\/div><\/div>\n<\/div>\n<\/div>\n\n\n<div id=\"yellow-box-block_23226ad4e905b0d6f24f0d0c513301dc\" class=\"yellow-box call-to-action\"><h4><b>C\u00f3mo contactar al abogado defensor de Vista Peter Liss<\/b><\/h4>\n<p>Para ayuda h\u00e1bil, INMEDIATA con cargos relacionados por conducir sin una licencia v\u00e1lida, por favor llame a mi oficina de abogados:<\/p>\n<div class=\"phone-holder\"><span class=\"phonecenter\"><strong><a href=\"tel:+17606434050\">(760) 643-4050<\/a><\/strong><\/span>o<span class=\"phonecenter\"><strong><a href=\"tel:+18584863024\">(858) 486-3024<\/a><\/strong><\/span><\/div><p><strong>Llame 24 horas al d\u00eda, 7 d\u00edas a la semana. Yo le puedo ayudar.<\/strong><\/p>\n<p><strong>\u00a0<\/strong><\/p>\n<\/div>","protected":false},"excerpt":{"rendered":"<p>Abogado de casos de Conducir sin Licencia&nbsp;en Vista Si usted ha sido arrestado por conducir con una licencia de conducir suspendida o revocada, yo puedo ayudarle. Soy el abogado de licencias suspendidas de San Diego Peter M. Liss, y he tratado m\u00e1s de 100 juicios criminales con jurado y defendido exitosamente a cientos de personas [&hellip;]<\/p>\n","protected":false},"author":5,"featured_media":0,"parent":0,"menu_order":0,"comment_status":"closed","ping_status":"closed","template":"","meta":{"_acf_changed":false,"_genesis_hide_title":false,"_genesis_hide_breadcrumbs":false,"_genesis_hide_singular_image":false,"_genesis_hide_footer_widgets":false,"_genesis_custom_body_class":"","_genesis_custom_post_class":"","_genesis_layout":"full-width-content","_mbp_gutenberg_autopost":false,"footnotes":""},"class_list":{"0":"post-21733","1":"page","2":"type-page","3":"status-publish","5":"entry","6":"has-post-thumbnail"},"acf":[],"_links":{"self":[{"href":"https:\/\/vistacriminallaw.com\/es\/wp-json\/wp\/v2\/pages\/21733","targetHints":{"allow":["GET"]}}],"collection":[{"href":"https:\/\/vistacriminallaw.com\/es\/wp-json\/wp\/v2\/pages"}],"about":[{"href":"https:\/\/vistacriminallaw.com\/es\/wp-json\/wp\/v2\/types\/page"}],"author":[{"embeddable":true,"href":"https:\/\/vistacriminallaw.com\/es\/wp-json\/wp\/v2\/users\/5"}],"replies":[{"embeddable":true,"href":"https:\/\/vistacriminallaw.com\/es\/wp-json\/wp\/v2\/comments?post=21733"}],"version-history":[{"count":42,"href":"https:\/\/vistacriminallaw.com\/es\/wp-json\/wp\/v2\/pages\/21733\/revisions"}],"predecessor-version":[{"id":38821,"href":"https:\/\/vistacriminallaw.com\/es\/wp-json\/wp\/v2\/pages\/21733\/revisions\/38821"}],"wp:attachment":[{"href":"https:\/\/vistacriminallaw.com\/es\/wp-json\/wp\/v2\/media?parent=21733"}],"curies":[{"name":"wp","href":"https:\/\/api.w.org\/{rel}","templated":true}]}}