{"id":21889,"date":"2024-02-23T14:26:57","date_gmt":"2024-02-23T22:26:57","guid":{"rendered":"https:\/\/vistacriminallaw.com\/?page_id=21889"},"modified":"2026-03-30T20:06:32","modified_gmt":"2026-03-31T03:06:32","slug":"tres-infracciones","status":"publish","type":"page","link":"https:\/\/vistacriminallaw.com\/es\/tres-infracciones\/","title":{"rendered":"Ley de las tres infracciones en California"},"content":{"rendered":"\n<figure class=\"wp-block-image size-full\"><img loading=\"lazy\" decoding=\"async\" width=\"2280\" height=\"380\" sizes=\"auto, (max-width: 2280px) 100vw, 2280px\" src=\"https:\/\/vistacriminallaw.com\/wp-content\/uploads\/2022\/06\/shorter_0012_VistaLaw_threestrikes@2x.jpg\" alt=\"Persona esposado y una celda.\" class=\"wp-image-14737\" title=\"\" srcset=\"https:\/\/vistacriminallaw.com\/wp-content\/uploads\/2022\/06\/shorter_0012_VistaLaw_threestrikes@2x.jpg 2280w, https:\/\/vistacriminallaw.com\/wp-content\/uploads\/2022\/06\/shorter_0012_VistaLaw_threestrikes@2x-300x50.jpg 300w, https:\/\/vistacriminallaw.com\/wp-content\/uploads\/2022\/06\/shorter_0012_VistaLaw_threestrikes@2x-600x100.jpg 600w, https:\/\/vistacriminallaw.com\/wp-content\/uploads\/2022\/06\/shorter_0012_VistaLaw_threestrikes@2x-768x128.jpg 768w, https:\/\/vistacriminallaw.com\/wp-content\/uploads\/2022\/06\/shorter_0012_VistaLaw_threestrikes@2x-1536x256.jpg 1536w, https:\/\/vistacriminallaw.com\/wp-content\/uploads\/2022\/06\/shorter_0012_VistaLaw_threestrikes@2x-2048x341.jpg 2048w, https:\/\/vistacriminallaw.com\/wp-content\/uploads\/2022\/06\/shorter_0012_VistaLaw_threestrikes@2x-1200x200.jpg 1200w\" \/><\/figure>\n\n\n\n<h1 class=\"wp-block-heading\" id=\"h-ley-de-las-tres-infracciones-en-california\"><strong>Ley de las tres infracciones en California<\/strong><\/h1>\n\n\n\n<div class=\"wp-block-columns is-layout-flex wp-container-core-columns-is-layout-9d6595d7 wp-block-columns-is-layout-flex\">\n<div class=\"wp-block-column is-layout-flow wp-block-column-is-layout-flow\" style=\"flex-basis:70%\">\n<p>La Ley de las tres infracciones (Tres Strikes) es una de las secciones m\u00e1s conocidas del c\u00f3digo legal de California. Aunque la mayor\u00eda de las personas saben que <strong>los condenados por tres \u00abstrikes\u00bb se enfrentan a cadena perpetua<\/strong>, la mayor\u00eda no entiende los tecnicismos de la ley. Por ejemplo, <strong>cu\u00e1les cr\u00edmenes caen dentro de la ley<\/strong>, los <strong>aumentos de condena <\/strong>que conlleva el enfrentarse a un segundo strike, y como se puede <strong>luchar contra los aumentos de condena obligatoria <\/strong>en la corte.<\/p>\n\n\n\n<div class=\"wp-block-group has-light-blue-background-color has-background\"><div class=\"wp-block-group__inner-container is-layout-flow wp-block-group-is-layout-flow\">\n<h2 class=\"wp-block-heading\" id=\"h-que-es-la-ley-de-las-tres-infracciones\"><strong>\u00bfQu\u00e9 es la Ley de las tres infracciones?<\/strong><\/h2>\n\n\n\n<p>En pocas palabras, la ley de las tres infracciones (a veces escrita como \u00abley de los 3 strikes\u00bb) es un texto legislativo de California que <strong>exige el aumento obligatorio de las penas <\/strong>para quienes tengan en su historial ciertas condenas <a href=\"https:\/\/vistacriminallaw.com\/misdemeanors-versus-felonies\/\">por delitos graves y violentos<\/a>. En teor\u00eda, estas largas condenas deber\u00edan disuadir a la gente de cometer estos delitos y mantener a los delincuentes m\u00e1s peligrosos fuera de las calles aunque en la pr\u00e1ctica, la <strong>eficacia de esta ley es cuestionable.<\/strong><\/p>\n\n\n\n<p>Un efecto indudable de estas leyes es que han provocado un nivel de <strong>encarcelamiento masivo de californianos <\/strong>y un <strong>dram\u00e1tico hacinamiento del sistema penitenciario estatal<\/strong>. De hecho, antes de la dr\u00e1stica revisi\u00f3n de la ley en 2012, el 25% de los reclusos del estado cumpl\u00edan penas relacionadas con sus infracciones.<\/p>\n<\/div><\/div>\n\n\n\n<div style=\"height:1px\" aria-hidden=\"true\" class=\"wp-block-spacer\"><\/div>\n\n\n\n<div class=\"wp-block-group has-green-background-color has-background\"><div class=\"wp-block-group__inner-container is-layout-flow wp-block-group-is-layout-flow\">\n<h2 class=\"wp-block-heading\" id=\"h-como-funciona-la-ley-de-las-tres-infracciones\"><strong>C\u00f3mo funciona la Ley de las tres infracciones<\/strong><\/h2>\n\n\n\n<p>Cuando un acusado es <strong>condenado por segunda vez, su condena se duplica <\/strong>autom\u00e1ticamente. Un acusado <strong>debe cumplir al menos el 80% de la condena <\/strong>antes de <strong>poder optar a la libertad condicional<\/strong>. En el caso de <strong>delitos violentos, los <\/strong>delincuentes deben cumplir al <strong>menos el 85% de la condena antes de obtener la libertad <\/strong>condicional. Los acusados con <strong>dos strikes previos <\/strong>se enfrentar\u00e1n a una condena de <strong>25 a\u00f1os a cadena perpetua <\/strong>(por un tercer delito grave o violento).<\/p>\n\n\n<div class=\"wp-block-image is-resized\">\n<figure class=\"alignleft\"><img loading=\"lazy\" decoding=\"async\" width=\"600\" height=\"400\" sizes=\"auto, (max-width: 1536px) 100vw, 1536px\" src=\"https:\/\/vistacriminallaw.com\/wp-content\/uploads\/2021\/03\/bigstock-Child-s-Hands-In-Handcuffs-216069-600x400.jpg\" alt=\"Juvenil esposado\n\" class=\"wp-image-10344\" style=\"width:359px;height:auto\" title=\"\" srcset=\"https:\/\/vistacriminallaw.com\/wp-content\/uploads\/2021\/03\/bigstock-Child-s-Hands-In-Handcuffs-216069-600x400.jpg 600w, https:\/\/vistacriminallaw.com\/wp-content\/uploads\/2021\/03\/bigstock-Child-s-Hands-In-Handcuffs-216069-300x200.jpg 300w, https:\/\/vistacriminallaw.com\/wp-content\/uploads\/2021\/03\/bigstock-Child-s-Hands-In-Handcuffs-216069-768x512.jpg 768w, https:\/\/vistacriminallaw.com\/wp-content\/uploads\/2021\/03\/bigstock-Child-s-Hands-In-Handcuffs-216069-scaled.jpg 1536w, https:\/\/vistacriminallaw.com\/wp-content\/uploads\/2021\/03\/bigstock-Child-s-Hands-In-Handcuffs-216069-2048x1365.jpg 2048w\" \/><\/figure>\n<\/div>\n\n\n<p>A veces los menores pueden recibir un strike bajo la ley, pero <strong>esta p\u00f3liza s\u00f3lo se aplica si el delito fue un delito violento o grave cometido cuando el menor ten\u00eda 16 a\u00f1os o m\u00e1s<\/strong>. Vale la pena mencionar que <strong>un adolescente no necesita ser acusado en un tribunal de adultos <\/strong>para que se a\u00f1ada un strike a su expediente si es condenado.<\/p>\n\n\n\n<p>Para cr\u00edmenes que ocurren fuera del estado, si la ofensa <strong>hubiera contado como un strike bajo la ley de California<\/strong>, todav\u00eda cuenta contra usted si enfrenta cargos por una futura ofensa que cuente como strike &#8211; <strong>aunque la condena haya sido borrada de su expediente <\/strong>bajo las leyes del otro estado. Por suerte, su abogado experto en defensas de tres infracciones en San Diego puede ayudarlo a <strong>luchar contra la aplicaci\u00f3n de la condena de otro estado como infracci\u00f3n.<\/strong><\/p>\n<\/div><\/div>\n\n\n\n<div style=\"height:1px\" aria-hidden=\"true\" class=\"wp-block-spacer\"><\/div>\n\n\n\n<div class=\"wp-block-group has-light-blue-background-color has-background\"><div class=\"wp-block-group__inner-container is-layout-flow wp-block-group-is-layout-flow\">\n<h2 class=\"wp-block-heading\" id=\"h-que-delitos-cuentan-bajo-la-ley-de-las-tres-infracciones\"><strong>\u00bfQu\u00e9 delitos cuentan bajo la Ley de las Tres Infracciones?<\/strong><\/strong><\/h2>\n\n\n\n<p>Una de las preguntas m\u00e1s comunes sobre la ley de los tres \u201cstrikes\u201d es \u00ab\u00bfqu\u00e9 delitos cuentan bajola ley?\u00bb Estos actos se conocen como <strong>\u00abdelitos punibles\u00bb <\/strong>bajo el c\u00f3digo penal del estado de California. En su forma m\u00e1s b\u00e1sica, un acto punible puede ser cualquier delito violento o grave. Esto incluye <strong>delitos sexuales graves <\/strong>como el <strong>abuso sexual de menores <\/strong>o <strong>la violaci\u00f3n <\/strong>y delitos como <strong>agresi\u00f3n con lesiones corporales graves<\/strong>, <strong>robo <\/strong>o <strong>secuestro<\/strong>. Adem\u00e1s, muchos <strong>delitos no violentos con un aumento de pandillas <\/strong>tambi\u00e9n pueden caer bajo el marco de esta ley y ser considerados un delito punible Tales casos se enfocan en el <a href=\"https:\/\/vistacriminallaw.com\/california-vandalism-laws\/\"><strong>vandalismo<\/strong><\/a> o la <strong><a href=\"https:\/\/vistacriminallaw.com\/es\/abogado-de-drogas\/\">venta de drogas<\/a><\/strong>. Las condenas por <a href=\"https:\/\/vistacriminallaw.com\/attempted-murder-charges-in-vista-ca\/\"><strong>intentos de delitos<\/strong><\/a><strong> tambi\u00e9n pueden contar como delitos punibles <\/strong>si ese tipo de delito de otro modo ser\u00eda un delito anulable.<\/p>\n\n\n\n<p>Mientras que el <strong>tercer delito debe es generalmente un delito violento o grave<\/strong>, este <strong><em>no <\/em><\/strong>es <strong>el caso si uno de los dos primeros delitos fue por <\/strong><a href=\"https:\/\/vistacriminallaw.com\/es\/delitos-sexuales\/\"><strong>violaci\u00f3n<\/strong><\/a><strong>, <\/strong><a href=\"https:\/\/vistacriminallaw.com\/es\/delitos-sexuales\/\"><strong>asesinato<\/strong><\/a><strong>, <\/strong><a href=\"https:\/\/vistacriminallaw.com\/es\/abuso-sexual-infantil\/\"><strong>abuso sexual de menores<\/strong><\/a><strong> o un delito cometido con un <a href=\"https:\/\/vistacriminallaw.com\/es\/armas-delitos\/\">arma de fuego<\/a><\/strong>. En estos raros casos, cualquier delito grave puede contar como el tercer delito.<\/p>\n<\/div><\/div>\n\n\n\n<div style=\"height:1px\" aria-hidden=\"true\" class=\"wp-block-spacer\"><\/div>\n\n\n\n<div class=\"wp-block-group has-green-background-color has-background\"><div class=\"wp-block-group__inner-container is-layout-flow wp-block-group-is-layout-flow\">\n<h2 class=\"wp-block-heading\" id=\"h-cambios-en-la-ley-de-las-tres-infracciones\"><strong>Cambios en la Ley de las tres infracciones<\/strong><\/h2>\n\n\n\n<p><strong>Cuando la ley entr\u00f3 en efecto por primera vez<\/strong>, cualquiera que tuviera dos delitos en sus antecedentes penales ser\u00eda autom\u00e1ticamente condenado a <strong>cadena perpetua por <em>cualquier <\/em>otro delito que <\/strong>cometiera, por leve que fuera. De hecho, algunas personas fueron condenadas a cadena perpetua simplemente por cometer un delito no violento de hurto mayor.<\/p>\n\n\n\n<p>En las elecciones de 2012, los votantes apoyaron abrumadoramente <strong>la Proposici\u00f3n 36 en California<\/strong>. Esta revisi\u00f3n exig\u00eda <strong>que la \u00faltima condena fuera por un delito violento o grave<\/strong>, a menos que una de las dos primeras condenas fuera por violaci\u00f3n, asesinato, abuso infantil o por llevar un arma de fuego al cometer un delito grave.<\/p>\n\n\n\n<p>Este cambio tambi\u00e9n permiti\u00f3 a quienes ya hab\u00edan sido condenados en virtud de la ley de las tres infracciones recurrir para que se les volviera a imponer la pena si su condena no se ajustaba a la versi\u00f3n revisada de la ley. <strong>M\u00e1s de 3000 reclusos pudieron solicitar una reducci\u00f3n de su condena <\/strong>o su puesta en libertad dado el tiempo cumplido.<\/p>\n<\/div><\/div>\n\n\n\n<div style=\"height:1px\" aria-hidden=\"true\" class=\"wp-block-spacer\"><\/div>\n\n\n\n<div class=\"wp-block-group has-light-blue-background-color has-background\"><div class=\"wp-block-group__inner-container is-layout-flow wp-block-group-is-layout-flow\">\n<h2 class=\"wp-block-heading\" id=\"h-se-pueden-cometer-2-o-3-infracciones-a-la-vez\"><strong>\u00bfSe pueden cometer 2 \u00f3 3 infracciones a la vez?<\/strong><\/strong><\/h2>\n\n\n\n<p>No. Aunque anteriormente los tribunales permit\u00edan que los delincuentes fueran condenados de m\u00faltiples infracciones por un mismo delito si se enfrentaban a m\u00e1s de un delito susceptible de la ley de strikes, el <a href=\"https:\/\/www.latimes.com\/local\/lanow\/la-me-ln-three-strikes-20140710-story.html\" target=\"_blank\" rel=\"noopener\">Tribunal Supremo de California dictamin\u00f3 en 2014 que <strong>solo se pod\u00eda aplicar un strike por cada hecho<\/strong><\/a>.&nbsp;<\/p>\n\n\n\n<p>Si anteriormente recibi\u00f3 dos strikes por delitos relacionados con un solo incidente, un <a href=\"https:\/\/vistacriminallaw.com\/es\/san-diego-abogado-de-delitos-violentos\/\">abogado especializado en delitos violentos<\/a> puede ayudar a asegurar que <strong>el tribunal s\u00f3lo considere uno de estos strikes <\/strong>durante su condena por un nuevo delito.<\/p>\n<\/div><\/div>\n\n\n\n<div style=\"height:1px\" aria-hidden=\"true\" class=\"wp-block-spacer\"><\/div>\n\n\n\n<div class=\"wp-block-group has-green-background-color has-background\"><div class=\"wp-block-group__inner-container is-layout-flow wp-block-group-is-layout-flow\">\n<h2 class=\"wp-block-heading\" id=\"h-puede-salir-en-libertad-condicional-si-ha-sido-condenado-en-virtud-de-la-ley-de-las-tres-infracciones\"><strong>\u00bfPuede salir en libertad condicional si ha sido condenado en virtud de la Ley de las tres infracciones?<\/strong><\/h2>\n\n\n<div class=\"wp-block-image\">\n<figure class=\"aligncenter\"><img decoding=\"async\" src=\"https:\/\/vistacriminallaw.com\/wp-content\/uploads\/2020\/08\/Canva-Black-Metal-Wire-Fence-Near-Brown-Concrete-Building-600x337.jpg\" alt=\"Alambre de p\u00faas fuera de una prisi\u00f3n\n\" title=\"\"><\/figure>\n<\/div>\n\n\n<p>S\u00ed, dependiendo del n\u00famero de delitos que consten en su expediente y de si se trata de un delito violento. Los delitos violentos <strong>requieren que cumpla el 85% de su condena <\/strong>antes de poder obtener la libertad condicional. Por <strong>un segundo delito<\/strong>, usted <strong>debe cumplir el 80% de su condena <\/strong>antes de calificar para la libertad condicional, mientras que por lo general s\u00f3lo tendr\u00eda que cumplir el 50% de la condena. Tras un tercer delito, debe cumplir el 80% de los 25 a\u00f1os de una cadena perpetua antes de poder optar a la libertad condicional. Por supuesto, la <strong>junta de libertad condicional todav\u00eda puede denegar la libertad condicional<\/strong>, por lo que la condena por un tercer delito podr\u00eda dejarlo potencialmente entre rejas de por vida (por eso se conoce como cadena perpetua).&nbsp;<\/p>\n<\/div><\/div>\n\n\n\n<div style=\"height:1px\" aria-hidden=\"true\" class=\"wp-block-spacer\"><\/div>\n\n\n\n<div class=\"wp-block-group has-light-blue-background-color has-background\"><div class=\"wp-block-group__inner-container is-layout-flow wp-block-group-is-layout-flow\">\n<h2 class=\"wp-block-heading\" id=\"h-pueden-eliminarse-las-infracciones-de-su-expediente\"><strong>\u00bfPueden eliminarse las infracciones de su expediente?<\/strong><\/strong><\/h2>\n\n\n\n<p><strong>Una vez que una infracci\u00f3n est\u00e1 en su expediente, permanecer\u00e1 all\u00ed<\/strong> a no ser que un juez o DA <strong>acceda a suprimirla<\/strong>. Si el juez lo hace, se llama <strong>una \u201cSolicitud Romero\u201d <\/strong>y requiere que su abogado proveaamplia informaci\u00f3n sobre las&nbsp; tres infracciones. Al determinar si se debe eliminar una infracci\u00f3n, el juez tendr\u00e1 en cuenta las circunstancias espec\u00edficas, el resto de sus antecedentes penales, su edad en el momento del delito, y m\u00e1s. Incluso <strong>si el juez hace caso omiso de su infracci\u00f3n anterior<\/strong>, <strong>\u00e9sta permanecer\u00e1 en su registro <\/strong>y contar\u00e1 en su contra si se le acusa de cualquier delito grave en el futuro.<\/p>\n<\/div><\/div>\n<\/div>\n\n\n\n<div class=\"wp-block-column is-layout-flow wp-block-column-is-layout-flow\" style=\"flex-basis:27%\">\n<div class=\"wp-block-group sidebar-blue-border is-style-default has-white-background-color has-background\"><div class=\"wp-block-group__inner-container is-layout-flow wp-block-group-is-layout-flow\">\n<h2 class=\"wp-block-heading\" id=\"h-llame-hoy-a-mis-oficinas\"><strong>Llame hoy a mis oficinas<\/strong><\/h2>\n\n\n\n<h3 class=\"wp-block-heading\" id=\"h-puedo-ayudarle\"><strong>Puedo ayudarle<\/strong><\/h3>\n\n\n\n<figure class=\"wp-block-image size-full is-style-default\"><img loading=\"lazy\" decoding=\"async\" width=\"288\" height=\"432\" sizes=\"auto, (max-width: 288px) 100vw, 288px\" src=\"https:\/\/vistacriminallaw.com\/wp-content\/uploads\/2022\/05\/217339_180998835285907_1661859_n.jpg\" alt=\"Abogado Peter Liss\n\" class=\"wp-image-14405\" title=\"\" srcset=\"https:\/\/vistacriminallaw.com\/wp-content\/uploads\/2022\/05\/217339_180998835285907_1661859_n.jpg 288w, https:\/\/vistacriminallaw.com\/wp-content\/uploads\/2022\/05\/217339_180998835285907_1661859_n-200x300.jpg 200w\" \/><\/figure>\n\n\n\n<p>Si usted tiene alguna pregunta acerca de la ley de los tres strikes o est\u00e1 siendo acusado de un crimen que puede ser una infracci\u00f3n, <strong>por favor contacte mi oficina <\/strong>llamando al (760) 643-4050 para programar una <strong>consulta inicial gratis<\/strong>.<\/p>\n\n\n\n<h3 class=\"wp-block-heading\" id=\"h-la-experiencia-que-necesita\"><strong>La experiencia que necesita<\/strong><\/h3>\n\n\n\n<p>Como cr\u00edmenes que potencialmente pueden conducir a cadena perpetua, <strong>estos delitos nunca deben tomarse a la ligera<\/strong>. Tengo <strong>m\u00e1s de 40 a\u00f1os de experiencia en la <\/strong>lucha contra los delitos penales y he manejado numerosos casos de tres infracciones.<\/p>\n\n\n\n<h3 class=\"wp-block-heading\" id=\"h-fiabilidad-y-comodidad\"><strong>Fiabilidad y comodidad<\/strong><\/h3>\n\n\n\n<p>Todos mis clientes reciben <strong>representaci\u00f3n de alta calidad a precios asequibles<\/strong>. Gracias a mi <strong>servicio de contestador 24 \/ 7<\/strong>, siempre estoy disponible para los clientes, proporcionando respuestas r\u00e1pidas y corteses. Mi oficina de Vista tiene estacionamiento gratuito y est\u00e1 justo enfrente <strong>de la corte de Vista y la c\u00e1rcel<\/strong>. <strong>Acepto las principales tarjetas de cr\u00e9dito<\/strong>.<\/p>\n\n\n\n<a href=\"https:\/\/vistacriminallaw.com\/es\/pongase-en-contacto\/\" class=\"widget-button\">Estoy disponible, hablemos<\/a>\n<\/div><\/div>\n\n\n\n<div style=\"height:1px\" aria-hidden=\"true\" class=\"wp-block-spacer\"><\/div>\n\n\n\n<div class=\"wp-block-group sidebar-blue-border is-style-default has-white-background-color has-background\"><div class=\"wp-block-group__inner-container is-layout-flow wp-block-group-is-layout-flow\">\n<h2 class=\"wp-block-heading\" id=\"h-definir-una-infraccion-o-strike\"><strong>Definir una \u201cinfracci\u00f3n\u201d o \u201cstrike\u201d<\/strong><\/strong><\/h2>\n\n\n\n<h3 class=\"wp-block-heading\" id=\"h-segun-la-legislacion-de-california\"><strong>Seg\u00fan la legislaci\u00f3n de California<\/strong><\/h3>\n\n\n<div class=\"wp-block-image is-resized\">\n<figure class=\"aligncenter\"><img loading=\"lazy\" decoding=\"async\" width=\"600\" height=\"400\" sizes=\"auto, (max-width: 1536px) 100vw, 1536px\" src=\"https:\/\/vistacriminallaw.com\/wp-content\/uploads\/2021\/03\/thug-pointing-a-gun-19035553-600x400.jpg\" alt=\"Hombre apuntando con un arma\n\" class=\"wp-image-10337\" title=\"\" srcset=\"https:\/\/vistacriminallaw.com\/wp-content\/uploads\/2021\/03\/thug-pointing-a-gun-19035553-600x400.jpg 600w, https:\/\/vistacriminallaw.com\/wp-content\/uploads\/2021\/03\/thug-pointing-a-gun-19035553-300x200.jpg 300w, https:\/\/vistacriminallaw.com\/wp-content\/uploads\/2021\/03\/thug-pointing-a-gun-19035553-768x512.jpg 768w, https:\/\/vistacriminallaw.com\/wp-content\/uploads\/2021\/03\/thug-pointing-a-gun-19035553.jpg 1536w, https:\/\/vistacriminallaw.com\/wp-content\/uploads\/2021\/03\/thug-pointing-a-gun-19035553-2048x1365.jpg 2048w\" \/><\/figure>\n<\/div>\n\n\n<p>Al redactar la ley de los tres \u201cstrikes\u201d, <strong>la legislatura defini\u00f3 espec\u00edficamente qu\u00e9 delitos entran bajo el t\u00edtulo de \u00abstrike\u00bb, <\/strong>por lo que si algo debe ser considerado un delito violento o grave <strong>no depende del juez<\/strong>. Algunos delitos que son strikes incluyen:<\/p>\n\n\n\n<ul class=\"wp-block-list is-style-square\">\n<li><strong><a href=\"https:\/\/vistacriminallaw.com\/kidnapping\/\">Secuestro<\/a><\/strong><\/li>\n\n\n\n<li><a href=\"https:\/\/vistacriminallaw.com\/battery-242-pc\/\"><strong>Agresi\u00f3n con lesiones corporales graves<\/strong><\/a><\/li>\n\n\n\n<li><strong><a href=\"https:\/\/vistacriminallaw.com\/es\/robo\/\">Robo<\/a><\/strong><\/strong><\/li>\n\n\n\n<li><strong><a href=\"https:\/\/vistacriminallaw.com\/aggravated-assault\/\"><strong>Agresi\u00f3n con arma mortal<\/strong><\/a><\/strong><\/li>\n\n\n\n<li><a href=\"https:\/\/vistacriminallaw.com\/422-pc\/\"><strong>Amenazas terroristas<\/strong><\/a><\/li>\n\n\n\n<li><strong><a href=\"https:\/\/vistacriminallaw.com\/rape-with-object-289-pc\/\">Penetraci\u00f3n forzada con un objeto extranjero<\/a><\/strong><\/li>\n\n\n\n<li><a href=\"https:\/\/vistacriminallaw.com\/sodomy-laws-california\/\"><strong>Sodom\u00eda ilegal<\/strong><\/a><\/li>\n\n\n\n<li><a href=\"https:\/\/vistacriminallaw.com\/oral-copulation-can-be-a-crime-in-ca\/\"><strong>C\u00f3pula oral forzada<\/strong><\/a><\/li>\n\n\n\n<li><a href=\"https:\/\/vistacriminallaw.com\/human-trafficking-236-1-pc\/\"><strong>Tr\u00e1fico de seres humanos<\/strong><\/a><\/li>\n\n\n\n<li><a href=\"https:\/\/vistacriminallaw.com\/how-grave-are-arson-charges-in-california\/\"><strong>Incendio provocado<\/strong><\/a><\/li>\n\n\n\n<li><a href=\"https:\/\/vistacriminallaw.com\/carjacking\/\"><strong>Robo de veh\u00edculo<\/strong><\/a><\/li>\n\n\n\n<li><strong><a href=\"https:\/\/vistacriminallaw.com\/es\/robo\/\">Robo en viviendas<\/a><\/strong><\/li>\n\n\n\n<li><strong><a href=\"https:\/\/vistacriminallaw.com\/violating-californias-mayhem-law\/\" target=\"_blank\" rel=\"noopener noreferrer\">Mayhem<\/a><\/strong><\/li>\n\n\n\n<li><strong><<a href=\"https:\/\/vistacriminallaw.com\/es\/abogado-de-violencia-domestica\/\">Violencia dom\u00e9stica con lesiones corporales graves<\/a><\/strong><\/li>\n\n\n\n<li><a href=\"https:\/\/vistacriminallaw.com\/drive-by-shooting\/\"><strong>Tiroteos desde veh\u00edculos<\/strong><\/a><\/li>\n\n\n\n<li><a href=\"https:\/\/vistacriminallaw.com\/fighting-gang-crime-charges-in-san-diego\/\"><strong>Delitos relacionados con pandillas delictivas<\/strong><\/a><\/li>\n\n\n\n<li><strong>Cualquier delito punible con <a href=\"https:\/\/vistacriminallaw.com\/multiple-life-sentences\/\">cadena perpetua<\/a> o <a href=\"https:\/\/vistacriminallaw.com\/capital-murder\/\"><strong>pena de muerte<\/strong><\/a><\/li>\n\n\n\n<li><strong>Cualquier delito con lesiones corporales graves<\/strong><\/li>\n<\/ul>\n\n\n\n<p>Si usted ha sido acusado de cualquiera de estos delitos, debe trabajar con un abogado defensor <strong>con experiencia en la representaci\u00f3n de clientes en casos de tres infracciones<\/strong>. Esta es la mejor manera de protegerse de las graves consecuencias de una condena como esta.<\/p>\n<\/div><\/div>\n<\/div>\n<\/div>\n\n\n<div id=\"yellow-box-block_b0e08a87bebc34aa85027c35f0262f82\" class=\"yellow-box call-to-action\"><h4><b>C\u00f3mo contactar al abogado defensor de Vista Peter Liss<\/b><\/h4>\n<p><span class=\"phonecenter\">Para ayuda h\u00e1bil, INMEDIATA con la crimen que puede ser un strike seg\u00fan el ley de los tres strikes, por favor llame a mi oficina de abogados:<\/span><\/p>\n<div class=\"phone-holder\"><span class=\"phonecenter\"><strong><a href=\"tel:+17606434050\">(760) 643-4050<\/a><\/strong><\/span>o<span class=\"phonecenter\"><strong><a href=\"tel:+18584863024\">(858) 486-3024<\/a><\/strong><\/span><\/div><p><strong>Llame 24 horas al d\u00eda, 7 d\u00edas a la semana. Yo le puedo ayudar.<\/strong><\/p>\n<p><strong>\u00a0<\/strong><\/p>\n<\/div>","protected":false},"excerpt":{"rendered":"<p>Ley de las tres infracciones en California La Ley de las tres infracciones (Tres Strikes) es una de las secciones m\u00e1s conocidas del c\u00f3digo legal de California. Aunque la mayor\u00eda de las personas saben que los condenados por tres \u00abstrikes\u00bb se enfrentan a cadena perpetua, la mayor\u00eda no entiende los tecnicismos de la ley. Por [&hellip;]<\/p>\n","protected":false},"author":5,"featured_media":0,"parent":0,"menu_order":0,"comment_status":"closed","ping_status":"closed","template":"","meta":{"_acf_changed":false,"_genesis_hide_title":false,"_genesis_hide_breadcrumbs":false,"_genesis_hide_singular_image":false,"_genesis_hide_footer_widgets":false,"_genesis_custom_body_class":"","_genesis_custom_post_class":"","_genesis_layout":"full-width-content","_mbp_gutenberg_autopost":false,"footnotes":""},"class_list":{"0":"post-21889","1":"page","2":"type-page","3":"status-publish","5":"entry"},"acf":[],"_links":{"self":[{"href":"https:\/\/vistacriminallaw.com\/es\/wp-json\/wp\/v2\/pages\/21889","targetHints":{"allow":["GET"]}}],"collection":[{"href":"https:\/\/vistacriminallaw.com\/es\/wp-json\/wp\/v2\/pages"}],"about":[{"href":"https:\/\/vistacriminallaw.com\/es\/wp-json\/wp\/v2\/types\/page"}],"author":[{"embeddable":true,"href":"https:\/\/vistacriminallaw.com\/es\/wp-json\/wp\/v2\/users\/5"}],"replies":[{"embeddable":true,"href":"https:\/\/vistacriminallaw.com\/es\/wp-json\/wp\/v2\/comments?post=21889"}],"version-history":[{"count":64,"href":"https:\/\/vistacriminallaw.com\/es\/wp-json\/wp\/v2\/pages\/21889\/revisions"}],"predecessor-version":[{"id":38796,"href":"https:\/\/vistacriminallaw.com\/es\/wp-json\/wp\/v2\/pages\/21889\/revisions\/38796"}],"wp:attachment":[{"href":"https:\/\/vistacriminallaw.com\/es\/wp-json\/wp\/v2\/media?parent=21889"}],"curies":[{"name":"wp","href":"https:\/\/api.w.org\/{rel}","templated":true}]}}