{"id":22179,"date":"2024-03-05T16:18:10","date_gmt":"2024-03-06T00:18:10","guid":{"rendered":"https:\/\/vistacriminallaw.com\/?page_id=22179"},"modified":"2025-04-17T11:15:11","modified_gmt":"2025-04-17T18:15:11","slug":"pongase-en-contacto","status":"publish","type":"page","link":"https:\/\/vistacriminallaw.com\/es\/pongase-en-contacto\/","title":{"rendered":"P\u00d3NGASE EN CONTACTO CON EL ABOGADO PETER M. LISS"},"content":{"rendered":"\r\n<figure class=\"wp-block-image size-full\"><img loading=\"lazy\" decoding=\"async\" width=\"2280\" height=\"380\" sizes=\"auto, (max-width: 2280px) 100vw, 2280px\" class=\"wp-image-14744\" src=\"https:\/\/vistacriminallaw.com\/wp-content\/uploads\/2022\/06\/shorter_0010_VistaLaw_Conact2@2x.jpg\" alt=\"Estatuas y libros\r\n\r\n\" title=\"\" srcset=\"https:\/\/vistacriminallaw.com\/wp-content\/uploads\/2022\/06\/shorter_0010_VistaLaw_Conact2@2x.jpg 2280w, https:\/\/vistacriminallaw.com\/wp-content\/uploads\/2022\/06\/shorter_0010_VistaLaw_Conact2@2x-300x50.jpg 300w, https:\/\/vistacriminallaw.com\/wp-content\/uploads\/2022\/06\/shorter_0010_VistaLaw_Conact2@2x-600x100.jpg 600w, https:\/\/vistacriminallaw.com\/wp-content\/uploads\/2022\/06\/shorter_0010_VistaLaw_Conact2@2x-768x128.jpg 768w, https:\/\/vistacriminallaw.com\/wp-content\/uploads\/2022\/06\/shorter_0010_VistaLaw_Conact2@2x-1536x256.jpg 1536w, https:\/\/vistacriminallaw.com\/wp-content\/uploads\/2022\/06\/shorter_0010_VistaLaw_Conact2@2x-2048x341.jpg 2048w, https:\/\/vistacriminallaw.com\/wp-content\/uploads\/2022\/06\/shorter_0010_VistaLaw_Conact2@2x-1200x200.jpg 1200w\" \/><\/figure>\r\n\r\n\r\n\r\n<h1 id=\"h-pongase-en-contacto-con-el-abogado-peter-m-liss\" class=\"wp-block-heading\"><strong>P\u00d3NGASE EN CONTACTO CON EL ABOGADO PETER M. LISS<\/strong><\/h1>\r\n\r\n\r\n\r\n<div class=\"wp-block-columns is-layout-flex wp-container-core-columns-is-layout-9d6595d7 wp-block-columns-is-layout-flex\">\r\n<div class=\"wp-block-column is-layout-flow wp-block-column-is-layout-flow\" style=\"flex-basis: 70%;\">\r\n<p>Llame a mis oficinas hoy para obtener la <strong>respuesta inmediata <\/strong>de un <strong>abogado <\/strong>superior <strong>en Vista <\/strong>y empezar a construir una <strong>defensa <\/strong>contra todo tipo de <strong>cargos penales y de DUI. Mis\u00a0 l\u00edneas de tel\u00e9fono est\u00e1n disponibles las 24 horas al d\u00eda, siete d\u00edas a la semana. <\/strong>Si estoy en la corte o en una reuni\u00f3n, <strong>le devolver\u00e9 la llamada tan pronto como sea posible. <\/strong>Considero que todos los asuntos penales son urgentes y <strong>responder\u00e9 r\u00e1pidamente.<\/strong><\/p>\r\n\r\n\r\n\r\n<p><strong>Por favor llame al <\/strong><a href=\"tel:+17606434050\"><strong>(760) 643-4050<\/strong><\/a> para programar una consulta inicial gratuita. Tambi\u00e9n puede <strong>enviarme un correo electr\u00f3nico a <\/strong><a href=\"mailto:peterliss@vistacriminallaw.com\"><strong>peterliss@vistacriminallaw.com<\/strong><\/a> -Antes de <em>usar esta direcci\u00f3n, por favor haga clic y lea <\/em><a href=\"https:\/\/vistacriminallaw.com\/es\/terms-of-use\/\"><em>T\u00e9rminos de uso.<\/em><\/a><\/p>\r\n\r\n\r\n\r\n<div class=\"wp-block-group has-green-background-color has-background\"><div class=\"wp-block-group__inner-container is-layout-flow wp-block-group-is-layout-flow\">\r\n<h2 id=\"h-convenientemente-cerca-del-juzgado-y-la-carcel\" class=\"wp-block-heading\"><strong>Convenientemente cerca del juzgado y la c\u00e1rcel<\/strong><\/h2>\r\n\r\n\r\n\r\n<p>En mi oficina legal del Condado Norte, sirvo a clientes de todo el Sur de California, incluyendo los <strong>condados de Los Angeles<\/strong>, <strong>Riverside <\/strong>y <strong>San Bernardino<\/strong>. Mi oficina legal en Vista est\u00e1 localizada al <strong>sur de la autopista 78 en South Melrose Drive en Vista, <\/strong>enfrente de la <strong>Corte del Condado Norte y la c\u00e1rcel. <\/strong>La direcci\u00f3n es:<\/p>\r\n\r\n\r\n\r\n<p class=\"has-text-align-center\"><strong>Abogado Peter M. Liss<\/strong><br \/><strong>380 S Melrose Drive #301<\/strong><br \/><strong>Vista, CA 92081<\/strong><\/p>\r\n\r\n\r\n<div class=\"wp-block-image\">\r\n<figure class=\"aligncenter size-large\"><img loading=\"lazy\" decoding=\"async\" width=\"600\" height=\"188\" sizes=\"auto, (max-width: 600px) 100vw, 600px\" class=\"wp-image-11035\" src=\"https:\/\/vistacriminallaw.com\/wp-content\/uploads\/2021\/05\/court-sign-2-600x188.jpg\" alt=\"Corte del Condado Norte y la c\u00e1rcel\r\n\" title=\"\" srcset=\"https:\/\/vistacriminallaw.com\/wp-content\/uploads\/2021\/05\/court-sign-2-600x188.jpg 600w, https:\/\/vistacriminallaw.com\/wp-content\/uploads\/2021\/05\/court-sign-2-300x94.jpg 300w, https:\/\/vistacriminallaw.com\/wp-content\/uploads\/2021\/05\/court-sign-2-768x240.jpg 768w, https:\/\/vistacriminallaw.com\/wp-content\/uploads\/2021\/05\/court-sign-2-1200x375.jpg 1200w, https:\/\/vistacriminallaw.com\/wp-content\/uploads\/2021\/05\/court-sign-2.jpg 1371w\" \/><\/figure>\r\n<\/div><\/div><\/div>\r\n\r\n\r\n\r\n<div class=\"wp-block-spacer\" style=\"height: 1px;\" aria-hidden=\"true\">\u00a0<\/div>\r\n\r\n\r\n\r\n<div class=\"wp-block-group has-light-blue-background-color has-background\"><div class=\"wp-block-group__inner-container is-layout-flow wp-block-group-is-layout-flow\">\r\n<h3 id=\"h-como-llegar-desde-las-zonas-occidentales\" class=\"wp-block-heading\"><strong>C\u00f3mo llegar desde las zonas occidentales<\/strong><\/h3>\r\n\r\n\r\n\r\n<p>Para los residentes de comunidades cercanas al oc\u00e9ano, como <strong>Oceanside, Carlsbad, Encinitas<\/strong>, o los <strong>condados de Los \u00c1ngeles u Orange<\/strong>, que tienen casos penales en el condado de San Diego, pueden llegar a mi oficina ya sea viajando hacia el norte o hacia el sur <strong>por la I-5<\/strong>:<\/p>\r\n\r\n\r\n\r\n<ul class=\"wp-block-list\">\r\n<li>Tome la <strong>autopista 78 Este <\/strong>hacia Escondido, y permanezca en la 78 durante 5-7 millas.<\/li>\r\n\r\n\r\n\r\n<li>Tome la salida de <strong>Melrose Drive<\/strong>.<\/li>\r\n\r\n\r\n\r\n<li>Siga 0,5 (media) milla.<\/li>\r\n\r\n\r\n\r\n<li>Gire a <strong>la izquierda <\/strong>en el camino de entrada a los <strong>edificios Atrium<\/strong>. Ver\u00e1 un cartel en el estacionamiento que dice \u00abAtrium.\u00bb<\/li>\r\n\r\n\r\n\r\n<li>Gire a la izquierda en la entrada del estacionamiento y estacione delante del edificio marcado con <strong>el 380<\/strong>. <strong>El <\/strong>estacionamiento<strong> es gratuito.<\/strong><\/li>\r\n\r\n\r\n\r\n<li>Entre en el edificio y tome el ascensor hasta la <strong>tercera planta<\/strong>. Mis oficinas est\u00e1n en <strong>380 S Melrose Drive. #301, Vista, CA 92081.<\/strong><\/li>\r\n<\/ul>\r\n\r\n\r\n<div class=\"wp-block-image\">\r\n<figure class=\"aligncenter size-large\"><img loading=\"lazy\" decoding=\"async\" width=\"600\" height=\"262\" sizes=\"auto, (max-width: 600px) 100vw, 600px\" class=\"wp-image-11034\" src=\"https:\/\/vistacriminallaw.com\/wp-content\/uploads\/2021\/05\/exterior-2-2-600x262.jpg\" alt=\"380 South Melrose Drive\" title=\"\" srcset=\"https:\/\/vistacriminallaw.com\/wp-content\/uploads\/2021\/05\/exterior-2-2-600x262.jpg 600w, https:\/\/vistacriminallaw.com\/wp-content\/uploads\/2021\/05\/exterior-2-2-300x131.jpg 300w, https:\/\/vistacriminallaw.com\/wp-content\/uploads\/2021\/05\/exterior-2-2-768x335.jpg 768w, https:\/\/vistacriminallaw.com\/wp-content\/uploads\/2021\/05\/exterior-2-2-1536x670.jpg 1536w, https:\/\/vistacriminallaw.com\/wp-content\/uploads\/2021\/05\/exterior-2-2-1200x523.jpg 1200w, https:\/\/vistacriminallaw.com\/wp-content\/uploads\/2021\/05\/exterior-2-2.jpg 1676w\" \/><\/figure>\r\n<\/div><\/div><\/div>\r\n\r\n\r\n\r\n<div class=\"wp-block-spacer\" style=\"height: 1px;\" aria-hidden=\"true\">\u00a0<\/div>\r\n\r\n\r\n\r\n<div class=\"wp-block-group has-green-background-color has-background\"><div class=\"wp-block-group__inner-container is-layout-flow wp-block-group-is-layout-flow\">\r\n<h3 id=\"h-como-llegar-desde-las-localidades-del-este\" class=\"wp-block-heading\"><strong>C\u00f3mo llegar desde las localidades del este<\/strong><\/h3>\r\n\r\n\r\n\r\n<p>Para aquellos en comunidades m\u00e1s orientales como <strong>Escondido, San Marcos, Valley Center, Fallbrook o Rancho Bernardo<\/strong>, o residentes de <strong>los condados de Riverside o Imperial <\/strong>que enfrentan cargos criminales en el condado de San Diego, pueden llegar a mis oficinas desde <strong>la I-15<\/strong>:<\/p>\r\n\r\n\r\n\r\n<ul class=\"wp-block-list\">\r\n<li>Tome la <strong>autopista 78 Oeste <\/strong>hacia Oceanside, y permanezca en la 78 Oeste durante 9-7 millas.<\/li>\r\n\r\n\r\n\r\n<li>Tome la salida de <strong>Civic Center Drive <\/strong>y gire a la izquierda.<\/li>\r\n\r\n\r\n\r\n<li>Gire <strong>a la derecha en Crestview Road<\/strong>.<\/li>\r\n\r\n\r\n\r\n<li>Gire a la <strong>izquierda en E. Vale View Drive<\/strong>.<\/li>\r\n\r\n\r\n\r\n<li>Gire a <strong>la izquierda en Las Palmas Drive<\/strong>.<\/li>\r\n\r\n\r\n\r\n<li>Gire a <strong>la derecha en S Melrose Drive<\/strong>.<\/li>\r\n\r\n\r\n\r\n<li>Gire <strong>a la derecha <\/strong>en el camino de entrada a los <strong>edificios Atrium<\/strong>. Ver\u00e1 un cartel en el estacionamiento que dice \u00abAtrium.\u00bb<\/li>\r\n\r\n\r\n\r\n<li>Gire a la izquierda en la entrada del estacionamiento y estacione delante del edificio marcado con <strong>el 380<\/strong>. <strong>El <\/strong>estacionamiento<strong> es gratuito.<\/strong><\/li>\r\n\r\n\r\n\r\n<li>Entre en el edificio y tome el ascensor hasta la <strong>tercera planta<\/strong>. Mis oficinas est\u00e1n en <strong>380 S Melrose Drive. #301, Vista, CA 92081.<\/strong><\/li>\r\n<\/ul>\r\n<\/div><\/div>\r\n\r\n\r\n\r\n<div class=\"wp-block-spacer\" style=\"height: 1px;\" aria-hidden=\"true\">\u00a0<\/div>\r\n\r\n\r\n\r\n<div class=\"wp-block-group has-light-blue-background-color has-background\"><div class=\"wp-block-group__inner-container is-layout-flow wp-block-group-is-layout-flow\">\r\n<h2 id=\"h-obtencion-de-indicaciones-especificas-desde-su-ubicacion\" class=\"wp-block-heading\"><strong>Obtenci\u00f3n de indicaciones espec\u00edficas desde su ubicaci\u00f3n<\/strong><\/h2>\r\n\r\n\r\n\r\n<p>Haga clic en la palabra \u00abC\u00f3mo llegar\u00bb en la parte superior de este mapa para obtener indicaciones de Google Maps desde su ubicaci\u00f3n actual:<\/p>\r\n\r\n\r\n\r\n<p><iframe loading=\"lazy\" title=\"Map showing the location of Peter M. Liss, Attorney at Law, South Melrose Drive, Vista, CA\" src=\"https:\/\/www.google.com\/maps?f=q&amp;source=s_q&amp;hl=en&amp;geocode=&amp;q=Peter+M.+Liss,+Attorney+at+Law,+South+Melrose+Drive+%23301,+Vista,+CA&amp;aq=0&amp;oq=Pet&amp;sll=28.903061,-81.991056&amp;sspn=0.203177,0.33062&amp;t=h&amp;ie=UTF8&amp;hq=Peter+M.+Liss,+Attorney+at+Law,+South+Melrose+Drive+%23301,+Vista,+CA&amp;hnear=&amp;radius=15000&amp;ll=33.191035,-117.252832&amp;spn=0.071946,0.071946&amp;output=embed\" width=\"500\" height=\"400\" frameborder=\"0\" marginwidth=\"0\" marginheight=\"0\" scrolling=\"no\" data-mce-fragment=\"1\">\r\n    <\/iframe> <br \/><small> <a href=\"https:\/\/www.google.com\/maps?f=q&amp;source=embed&amp;hl=en&amp;geocode=&amp;q=Peter+M.+Liss,+Attorney+at+Law,+South+Melrose+Drive+%23301,+Vista,+CA&amp;aq=0&amp;oq=Pet&amp;sll=28.903061,-81.991056&amp;sspn=0.203177,0.33062&amp;t=h&amp;ie=UTF8&amp;hq=Peter+M.+Liss,+Attorney+at+Law,+South+Melrose+Drive+%23301,+Vista,+CA&amp;hnear=&amp;radius=15000&amp;ll=33.191035,-117.252832&amp;spn=0.071946,0.071946\" target=\"_blank\" rel=\"noopener\"><strong>Ver mapa m\u00e1s grande<\/strong><\/a> <\/small><\/p>\r\n<\/div><\/div>\r\n<\/div>\r\n\r\n\r\n\r\n<div class=\"wp-block-column is-layout-flow wp-block-column-is-layout-flow\" style=\"flex-basis: 27%;\">\r\n<div class=\"wp-block-group sidebar-blue-border has-white-background-color has-background\"><div class=\"wp-block-group__inner-container is-layout-flow wp-block-group-is-layout-flow\">\r\n<h2 id=\"h-los-mejores-servicios-juridicos-en-vista\" class=\"wp-block-heading\"><strong>Los mejores servicios jur\u00eddicos en Vista<\/strong><\/h2>\r\n\r\n\r\n\r\n<h3 id=\"h-llame-hoy-puedo-ayudarle\" class=\"wp-block-heading\"><strong>Llame hoy, puedo ayudarle<\/strong><\/h3>\r\n\r\n\r\n\r\n<figure class=\"wp-block-image size-large\"><img loading=\"lazy\" decoding=\"async\" width=\"375\" height=\"500\" sizes=\"auto, (max-width: 375px) 100vw, 375px\" class=\"wp-image-15654\" src=\"https:\/\/vistacriminallaw.com\/wp-content\/uploads\/2022\/08\/IMG_4287-375x500.jpg\" alt=\"Abogado Peter Liss\r\n\" title=\"\" srcset=\"https:\/\/vistacriminallaw.com\/wp-content\/uploads\/2022\/08\/IMG_4287-375x500.jpg 375w, https:\/\/vistacriminallaw.com\/wp-content\/uploads\/2022\/08\/IMG_4287-225x300.jpg 225w, https:\/\/vistacriminallaw.com\/wp-content\/uploads\/2022\/08\/IMG_4287-768x1024.jpg 768w, https:\/\/vistacriminallaw.com\/wp-content\/uploads\/2022\/08\/IMG_4287-1152x1536.jpg 1152w, https:\/\/vistacriminallaw.com\/wp-content\/uploads\/2022\/08\/IMG_4287-scaled.jpg 1200w, https:\/\/vistacriminallaw.com\/wp-content\/uploads\/2022\/08\/IMG_4287-675x900.jpg 675w\" \/><\/figure>\r\n\r\n\r\n\r\n<p><strong>Durante los \u00faltimos 40 a\u00f1os<\/strong>, he estado ayudando a clientes acusados de delitos penales en el Condado de San Diego. Antes de abrir mi propia pr\u00e1ctica privada en 1998, <strong>serv\u00ed previamente como el Asistente al Defensor P\u00fablico Supervisor\u00a0 en la Oficina del Defensor P\u00fablico de Vista<\/strong>.<\/p>\r\n\r\n\r\n\r\n<h3 id=\"h-una-reputacion-en-la-que-puede-confiar\" class=\"wp-block-heading\"><strong>Una reputaci\u00f3n en la que puede confiar<\/strong><\/h3>\r\n\r\n\r\n\r\n<p>No s\u00f3lo he <strong>representado a clientes en cientos de<\/strong> <a href=\"https:\/\/vistacriminallaw.com\/case-results\/\"><strong>casos de alto perfil<\/strong><\/a>, sino que tambi\u00e9n soy <a href=\"https:\/\/vistacriminallaw.com\/peter-liss-news-source\/\"><strong>consultado regularmente por los medios de comunicaci\u00f3n locales y nacionales<\/strong><\/a> sobre una variedad de temas legales. Tengo <strong>buenas relaciones con los jueces locales, los fiscales y la polic\u00eda<\/strong>, lo que me ayuda a obtener los mejores resultados para mis clientes dentro y fuera de la sala del tribunal.<\/p>\r\n\r\n\r\n\r\n<h3 id=\"h-mi-garantia\" class=\"wp-block-heading\"><strong>Mi garant\u00eda<\/strong><\/h3>\r\n\r\n\r\n\r\n<p>Todos mis clientes reciben <strong>representaci\u00f3n de alta calidad a precios asequibles<\/strong>. No reparto mis casos, sino que me encargo de cada uno de ellos de principio a fin.<\/p>\r\n\r\n\r\n\r\n<h3 id=\"h-llame-ahora-a-mis-oficinas\" class=\"wp-block-heading\"><strong>Llame ahora a mis oficinas<\/strong><\/h3>\r\n\r\n\r\n\r\n<p>Llame al <a href=\"tel:+17606434050\">(760) 643-4050<\/a> para programar una consulta inicial gratuita en mi oficina de Vista. <a href=\"https:\/\/vistacriminallaw.com\/es\/\">Hablamos Espa\u00f1ol<\/a>.<\/p>\r\n<\/div><\/div>\r\n\r\n\r\n\r\n<p>&nbsp;<\/p>\r\n\r\n\r\n\r\n<p>&nbsp;<\/p>\r\n<\/div>\r\n<\/div>\r\n\r\n\r\n<div id=\"yellow-box-block_e77eb8b6115e3add6fea7d8c03a3ba21\" class=\"yellow-box call-to-action\"><h4><b>C\u00f3mo contactar abogado defensor de Vista Peter Liss<\/b><\/h4>\n<p>Para ayuda h\u00e1bil, INMEDIATA con una defensa penal contra cualquier tipo de cargos, por favor llame a mi Vista oficina de abogados:<\/p>\n<div class=\"phone-holder\"><span class=\"phonecenter\"><strong><a href=\"tel:+17606434050\">(760) 643-4050<\/a><\/strong><\/span>o<span class=\"phonecenter\"><strong><a href=\"tel:+18584863024\">(858) 486-3024<\/a><\/strong><\/span><\/div><p><strong>Llame 24 horas al d\u00eda, 7 d\u00edas a la semana. Yo le puedo ayudar.<\/strong><\/p>\n<p><strong>\u00a0<\/strong><\/p>\n<\/div>","protected":false},"excerpt":{"rendered":"<p>P\u00d3NGASE EN CONTACTO CON EL ABOGADO PETER M. LISS Llame a mis oficinas hoy para obtener la respuesta inmediata de un abogado superior en Vista y empezar a construir una defensa contra todo tipo de cargos penales y de DUI. Mis\u00a0 l\u00edneas de tel\u00e9fono est\u00e1n disponibles las 24 horas al d\u00eda, siete d\u00edas a la [&hellip;]<\/p>\n","protected":false},"author":5,"featured_media":0,"parent":0,"menu_order":0,"comment_status":"closed","ping_status":"closed","template":"","meta":{"_acf_changed":false,"_genesis_hide_title":false,"_genesis_hide_breadcrumbs":false,"_genesis_hide_singular_image":false,"_genesis_hide_footer_widgets":false,"_genesis_custom_body_class":"","_genesis_custom_post_class":"","_genesis_layout":"full-width-content","_mbp_gutenberg_autopost":false,"footnotes":""},"class_list":{"0":"post-22179","1":"page","2":"type-page","3":"status-publish","5":"entry"},"acf":[],"_links":{"self":[{"href":"https:\/\/vistacriminallaw.com\/es\/wp-json\/wp\/v2\/pages\/22179","targetHints":{"allow":["GET"]}}],"collection":[{"href":"https:\/\/vistacriminallaw.com\/es\/wp-json\/wp\/v2\/pages"}],"about":[{"href":"https:\/\/vistacriminallaw.com\/es\/wp-json\/wp\/v2\/types\/page"}],"author":[{"embeddable":true,"href":"https:\/\/vistacriminallaw.com\/es\/wp-json\/wp\/v2\/users\/5"}],"replies":[{"embeddable":true,"href":"https:\/\/vistacriminallaw.com\/es\/wp-json\/wp\/v2\/comments?post=22179"}],"version-history":[{"count":15,"href":"https:\/\/vistacriminallaw.com\/es\/wp-json\/wp\/v2\/pages\/22179\/revisions"}],"predecessor-version":[{"id":31127,"href":"https:\/\/vistacriminallaw.com\/es\/wp-json\/wp\/v2\/pages\/22179\/revisions\/31127"}],"wp:attachment":[{"href":"https:\/\/vistacriminallaw.com\/es\/wp-json\/wp\/v2\/media?parent=22179"}],"curies":[{"name":"wp","href":"https:\/\/api.w.org\/{rel}","templated":true}]}}